{"id":592,"date":"2019-10-07T15:33:21","date_gmt":"2019-10-07T13:33:21","guid":{"rendered":"http:\/\/mahogany.ms.decms.eu\/conciergerie\/"},"modified":"2019-12-12T12:28:28","modified_gmt":"2019-12-12T11:28:28","slug":"concierge-service","status":"publish","type":"page","link":"https:\/\/www.hotel-mahogany.com\/en\/concierge-service\/","title":{"rendered":"CONCIERGE SERVICE"},"content":{"rendered":"<p>Cr\u00e9ole Beach Hotel &amp; Spa offers numerous activities within the hotel and has a concierge service for organizing the excursions of your dreams, boat and car hire and more to make sure you have the perfect stay.<\/p>\n<p>Our staff are at your disposal for your entire stay, and you can find useful addresses if you need. The reception, which is open 24 hours a day, can also answer all your questions and give you any information you require.<\/p>\n<p><strong>6 good reasons to use the Espace Cr\u00e9ole Loisirs Concierge Service<\/strong><\/p>\n<p>1 \u2013 Benefit from the experience of our specialists<br \/>\n2 \u2013 Explore everything you want to do<br \/>\n3 \u2013 Enjoy a personalized service<br \/>\n4 \u2013 Guaranteed high-quality service from trusted partners<br \/>\n5 \u2013 Dedicated contact persons<br \/>\n6 \u2013 The opportunity to get an authentic Creole experience<\/p>\n<p>Contact our Concierge:<br \/>\nMs Gwladys Martial<br \/>\nTel.: +590 (0) 5 90 90 23 69 \/ +590 (0) 6 90 57 25 82<br \/>\nE-mail: <a href=\"mailto:espacecreole@creolebeach.com\">espacecreole@creolebeach.com<\/a><\/p>\n<p>&nbsp;<\/p>\n<div style=\"font-size: 35px\" align=\"center\"><strong>EXCURSIONS:<\/strong><\/div>\n","protected":false},"excerpt":{"rendered":"<p>Cr\u00e9ole Beach Hotel &amp; Spa offers numerous activities within the hotel and has a concierge service for organizing the excursions of your dreams, boat and car hire and more to make sure you have the perfect stay. Our staff are at your disposal for your entire stay, and you can find useful addresses if you [&hellip;]<\/p>\n","protected":false},"author":14,"featured_media":0,"parent":0,"menu_order":0,"comment_status":"closed","ping_status":"closed","template":"","meta":{"footnotes":""},"class_list":["post-592","page","type-page","status-publish","hentry"],"yoast_head":"<!-- This site is optimized with the Yoast SEO plugin v26.9 - https:\/\/yoast.com\/product\/yoast-seo-wordpress\/ -->\n<title>CONCIERGE SERVICE - Mahogany H\u00f4tel R\u00e9sidence &amp; Spa<\/title>\n<meta name=\"robots\" content=\"index, follow, max-snippet:-1, max-image-preview:large, max-video-preview:-1\" \/>\n<link rel=\"canonical\" href=\"https:\/\/www.hotel-mahogany.com\/en\/concierge-service\/\" \/>\n<meta property=\"og:locale\" content=\"en_US\" \/>\n<meta property=\"og:type\" content=\"article\" \/>\n<meta property=\"og:title\" content=\"CONCIERGE SERVICE - Mahogany H\u00f4tel R\u00e9sidence &amp; Spa\" \/>\n<meta property=\"og:description\" content=\"Cr\u00e9ole Beach Hotel &amp; Spa offers numerous activities within the hotel and has a concierge service for organizing the excursions of your dreams, boat and car hire and more to make sure you have the perfect stay. Our staff are at your disposal for your entire stay, and you can find useful addresses if you [&hellip;]\" \/>\n<meta property=\"og:url\" content=\"https:\/\/www.hotel-mahogany.com\/en\/concierge-service\/\" \/>\n<meta property=\"og:site_name\" content=\"Mahogany H\u00f4tel R\u00e9sidence &amp; Spa\" \/>\n<meta property=\"article:modified_time\" content=\"2019-12-12T11:28:28+00:00\" \/>\n<meta name=\"twitter:card\" content=\"summary_large_image\" \/>\n<meta name=\"twitter:label1\" content=\"Est. reading time\" \/>\n\t<meta name=\"twitter:data1\" content=\"1 minute\" \/>\n<script type=\"application\/ld+json\" class=\"yoast-schema-graph\">{\"@context\":\"https:\/\/schema.org\",\"@graph\":[{\"@type\":\"WebPage\",\"@id\":\"https:\/\/www.hotel-mahogany.com\/en\/concierge-service\/\",\"url\":\"https:\/\/www.hotel-mahogany.com\/en\/concierge-service\/\",\"name\":\"CONCIERGE SERVICE - Mahogany H\u00f4tel R\u00e9sidence &amp; Spa\",\"isPartOf\":{\"@id\":\"https:\/\/www.hotel-mahogany.com\/en\/#website\"},\"datePublished\":\"2019-10-07T13:33:21+00:00\",\"dateModified\":\"2019-12-12T11:28:28+00:00\",\"breadcrumb\":{\"@id\":\"https:\/\/www.hotel-mahogany.com\/en\/concierge-service\/#breadcrumb\"},\"inLanguage\":\"en-US\",\"potentialAction\":[{\"@type\":\"ReadAction\",\"target\":[\"https:\/\/www.hotel-mahogany.com\/en\/concierge-service\/\"]}]},{\"@type\":\"BreadcrumbList\",\"@id\":\"https:\/\/www.hotel-mahogany.com\/en\/concierge-service\/#breadcrumb\",\"itemListElement\":[{\"@type\":\"ListItem\",\"position\":1,\"name\":\"Accueil\",\"item\":\"https:\/\/www.hotel-mahogany.com\/en\/\"},{\"@type\":\"ListItem\",\"position\":2,\"name\":\"CONCIERGE SERVICE\"}]},{\"@type\":\"WebSite\",\"@id\":\"https:\/\/www.hotel-mahogany.com\/en\/#website\",\"url\":\"https:\/\/www.hotel-mahogany.com\/en\/\",\"name\":\"Mahogany H\u00f4tel R\u00e9sidence &amp; Spa\",\"description\":\"Un site utilisant ms.decms.eu\",\"potentialAction\":[{\"@type\":\"SearchAction\",\"target\":{\"@type\":\"EntryPoint\",\"urlTemplate\":\"https:\/\/www.hotel-mahogany.com\/en\/?s={search_term_string}\"},\"query-input\":{\"@type\":\"PropertyValueSpecification\",\"valueRequired\":true,\"valueName\":\"search_term_string\"}}],\"inLanguage\":\"en-US\"}]}<\/script>\n<!-- \/ Yoast SEO plugin. -->","yoast_head_json":{"title":"CONCIERGE SERVICE - Mahogany H\u00f4tel R\u00e9sidence &amp; Spa","robots":{"index":"index","follow":"follow","max-snippet":"max-snippet:-1","max-image-preview":"max-image-preview:large","max-video-preview":"max-video-preview:-1"},"canonical":"https:\/\/www.hotel-mahogany.com\/en\/concierge-service\/","og_locale":"en_US","og_type":"article","og_title":"CONCIERGE SERVICE - Mahogany H\u00f4tel R\u00e9sidence &amp; Spa","og_description":"Cr\u00e9ole Beach Hotel &amp; Spa offers numerous activities within the hotel and has a concierge service for organizing the excursions of your dreams, boat and car hire and more to make sure you have the perfect stay. Our staff are at your disposal for your entire stay, and you can find useful addresses if you [&hellip;]","og_url":"https:\/\/www.hotel-mahogany.com\/en\/concierge-service\/","og_site_name":"Mahogany H\u00f4tel R\u00e9sidence &amp; Spa","article_modified_time":"2019-12-12T11:28:28+00:00","twitter_card":"summary_large_image","twitter_misc":{"Est. reading time":"1 minute"},"schema":{"@context":"https:\/\/schema.org","@graph":[{"@type":"WebPage","@id":"https:\/\/www.hotel-mahogany.com\/en\/concierge-service\/","url":"https:\/\/www.hotel-mahogany.com\/en\/concierge-service\/","name":"CONCIERGE SERVICE - Mahogany H\u00f4tel R\u00e9sidence &amp; Spa","isPartOf":{"@id":"https:\/\/www.hotel-mahogany.com\/en\/#website"},"datePublished":"2019-10-07T13:33:21+00:00","dateModified":"2019-12-12T11:28:28+00:00","breadcrumb":{"@id":"https:\/\/www.hotel-mahogany.com\/en\/concierge-service\/#breadcrumb"},"inLanguage":"en-US","potentialAction":[{"@type":"ReadAction","target":["https:\/\/www.hotel-mahogany.com\/en\/concierge-service\/"]}]},{"@type":"BreadcrumbList","@id":"https:\/\/www.hotel-mahogany.com\/en\/concierge-service\/#breadcrumb","itemListElement":[{"@type":"ListItem","position":1,"name":"Accueil","item":"https:\/\/www.hotel-mahogany.com\/en\/"},{"@type":"ListItem","position":2,"name":"CONCIERGE SERVICE"}]},{"@type":"WebSite","@id":"https:\/\/www.hotel-mahogany.com\/en\/#website","url":"https:\/\/www.hotel-mahogany.com\/en\/","name":"Mahogany H\u00f4tel R\u00e9sidence &amp; Spa","description":"Un site utilisant ms.decms.eu","potentialAction":[{"@type":"SearchAction","target":{"@type":"EntryPoint","urlTemplate":"https:\/\/www.hotel-mahogany.com\/en\/?s={search_term_string}"},"query-input":{"@type":"PropertyValueSpecification","valueRequired":true,"valueName":"search_term_string"}}],"inLanguage":"en-US"}]}},"acf":[],"_links":{"self":[{"href":"https:\/\/www.hotel-mahogany.com\/en\/wp-json\/wp\/v2\/pages\/592","targetHints":{"allow":["GET"]}}],"collection":[{"href":"https:\/\/www.hotel-mahogany.com\/en\/wp-json\/wp\/v2\/pages"}],"about":[{"href":"https:\/\/www.hotel-mahogany.com\/en\/wp-json\/wp\/v2\/types\/page"}],"author":[{"embeddable":true,"href":"https:\/\/www.hotel-mahogany.com\/en\/wp-json\/wp\/v2\/users\/14"}],"replies":[{"embeddable":true,"href":"https:\/\/www.hotel-mahogany.com\/en\/wp-json\/wp\/v2\/comments?post=592"}],"version-history":[{"count":0,"href":"https:\/\/www.hotel-mahogany.com\/en\/wp-json\/wp\/v2\/pages\/592\/revisions"}],"wp:attachment":[{"href":"https:\/\/www.hotel-mahogany.com\/en\/wp-json\/wp\/v2\/media?parent=592"}],"curies":[{"name":"wp","href":"https:\/\/api.w.org\/{rel}","templated":true}]}}