{"id":600,"date":"2019-10-07T16:04:21","date_gmt":"2019-10-07T14:04:21","guid":{"rendered":"http:\/\/mahogany.ms.decms.eu\/conciergerie\/diles-en-iles\/"},"modified":"2021-11-12T13:14:51","modified_gmt":"2021-11-12T12:14:51","slug":"from-isle-to-isle","status":"publish","type":"page","link":"https:\/\/www.hotel-mahogany.com\/en\/concierge-service\/from-isle-to-isle\/","title":{"rendered":"From Isle to Isle"},"content":{"rendered":"<p>&gt; <a href=\"http:\/\/creole.excursions-guadeloupe.com\/info_page.php?ln=fr&amp;tourID=89\">Les Saintes guided tour, whole day <\/a><br \/>\n&gt; <a href=\"http:\/\/creole.excursions-guadeloupe.com\/info_page.php?ln=fr&amp;tourID=89\">Les Saintes free visit, whole day!<\/a><br \/>\n&gt; <a href=\"http:\/\/creole.excursions-guadeloupe.com\/info_page.php?ln=fr&amp;tourID=91\">Les Saintes by sailboat<\/a><br \/>\n&gt; <a href=\"http:\/\/creole.excursions-guadeloupe.com\/info_page.php?ln=fr&amp;tourID=94\">Marie-Galante guided tour, whole day<\/a><br \/>\n&gt; <a href=\"http:\/\/creole.excursions-guadeloupe.com\/info_page.php?ln=fr&amp;tourID=95\">Marie-Galante free visit, whole day<\/a><br \/>\n&gt; <a href=\"http:\/\/creole.excursions-guadeloupe.com\/info_page.php?ln=fr&amp;tourID=98\">La D\u00e9sirade guided tour, whole day <\/a><br \/>\n&gt; <a href=\"http:\/\/creole.excursions-guadeloupe.com\/info_page.php?ln=fr&amp;tourID=99\">La D\u00e9sirade: guided tour by 4&#215;4<\/a><br \/>\n&gt; <a href=\"http:\/\/creole.excursions-guadeloupe.com\/info_page.php?ln=fr&amp;tourID=100\">La D\u00e9sirade, free visit <\/a><br \/>\n&gt; <a href=\"http:\/\/creole.excursions-guadeloupe.com\/info_page.php?ln=fr&amp;tourID=101\">Petite-Terre: day outing by sailing catamaran<\/a><br \/>\n&gt; <a href=\"http:\/\/creole.excursions-guadeloupe.com\/info_page.php?ln=fr&amp;tourID=102\">Petite-Terre: day outing by motorboat<\/a><\/p>\n","protected":false},"excerpt":{"rendered":"<p>&gt; Les Saintes guided tour, whole day &gt; Les Saintes free visit, whole day! &gt; Les Saintes by sailboat &gt; Marie-Galante guided tour, whole day &gt; Marie-Galante free visit, whole day &gt; La D\u00e9sirade guided tour, whole day &gt; La D\u00e9sirade: guided tour by 4&#215;4 &gt; La D\u00e9sirade, free visit &gt; Petite-Terre: day outing by [&hellip;]<\/p>\n","protected":false},"author":14,"featured_media":0,"parent":592,"menu_order":20,"comment_status":"closed","ping_status":"closed","template":"","meta":{"footnotes":""},"class_list":["post-600","page","type-page","status-publish","hentry"],"yoast_head":"<!-- This site is optimized with the Yoast SEO plugin v26.9 - https:\/\/yoast.com\/product\/yoast-seo-wordpress\/ -->\n<title>From Isle to Isle - Mahogany H\u00f4tel R\u00e9sidence &amp; Spa<\/title>\n<meta name=\"robots\" content=\"index, follow, max-snippet:-1, max-image-preview:large, max-video-preview:-1\" \/>\n<link rel=\"canonical\" href=\"https:\/\/www.hotel-mahogany.com\/en\/concierge-service\/from-isle-to-isle\/\" \/>\n<meta property=\"og:locale\" content=\"en_US\" \/>\n<meta property=\"og:type\" content=\"article\" \/>\n<meta property=\"og:title\" content=\"From Isle to Isle - Mahogany H\u00f4tel R\u00e9sidence &amp; Spa\" \/>\n<meta property=\"og:description\" content=\"&gt; Les Saintes guided tour, whole day &gt; Les Saintes free visit, whole day! &gt; Les Saintes by sailboat &gt; Marie-Galante guided tour, whole day &gt; Marie-Galante free visit, whole day &gt; La D\u00e9sirade guided tour, whole day &gt; La D\u00e9sirade: guided tour by 4&#215;4 &gt; La D\u00e9sirade, free visit &gt; Petite-Terre: day outing by [&hellip;]\" \/>\n<meta property=\"og:url\" content=\"https:\/\/www.hotel-mahogany.com\/en\/concierge-service\/from-isle-to-isle\/\" \/>\n<meta property=\"og:site_name\" content=\"Mahogany H\u00f4tel R\u00e9sidence &amp; Spa\" \/>\n<meta property=\"article:modified_time\" content=\"2021-11-12T12:14:51+00:00\" \/>\n<meta name=\"twitter:card\" content=\"summary_large_image\" \/>\n<script type=\"application\/ld+json\" class=\"yoast-schema-graph\">{\"@context\":\"https:\/\/schema.org\",\"@graph\":[{\"@type\":\"WebPage\",\"@id\":\"https:\/\/www.hotel-mahogany.com\/en\/concierge-service\/from-isle-to-isle\/\",\"url\":\"https:\/\/www.hotel-mahogany.com\/en\/concierge-service\/from-isle-to-isle\/\",\"name\":\"From Isle to Isle - Mahogany H\u00f4tel R\u00e9sidence &amp; Spa\",\"isPartOf\":{\"@id\":\"https:\/\/www.hotel-mahogany.com\/en\/#website\"},\"datePublished\":\"2019-10-07T14:04:21+00:00\",\"dateModified\":\"2021-11-12T12:14:51+00:00\",\"breadcrumb\":{\"@id\":\"https:\/\/www.hotel-mahogany.com\/en\/concierge-service\/from-isle-to-isle\/#breadcrumb\"},\"inLanguage\":\"en-US\",\"potentialAction\":[{\"@type\":\"ReadAction\",\"target\":[\"https:\/\/www.hotel-mahogany.com\/en\/concierge-service\/from-isle-to-isle\/\"]}]},{\"@type\":\"BreadcrumbList\",\"@id\":\"https:\/\/www.hotel-mahogany.com\/en\/concierge-service\/from-isle-to-isle\/#breadcrumb\",\"itemListElement\":[{\"@type\":\"ListItem\",\"position\":1,\"name\":\"Accueil\",\"item\":\"https:\/\/www.hotel-mahogany.com\/en\/\"},{\"@type\":\"ListItem\",\"position\":2,\"name\":\"CONCIERGE SERVICE\",\"item\":\"https:\/\/www.hotel-mahogany.com\/en\/concierge-service\/\"},{\"@type\":\"ListItem\",\"position\":3,\"name\":\"From Isle to Isle\"}]},{\"@type\":\"WebSite\",\"@id\":\"https:\/\/www.hotel-mahogany.com\/en\/#website\",\"url\":\"https:\/\/www.hotel-mahogany.com\/en\/\",\"name\":\"Mahogany H\u00f4tel R\u00e9sidence &amp; Spa\",\"description\":\"Un site utilisant ms.decms.eu\",\"potentialAction\":[{\"@type\":\"SearchAction\",\"target\":{\"@type\":\"EntryPoint\",\"urlTemplate\":\"https:\/\/www.hotel-mahogany.com\/en\/?s={search_term_string}\"},\"query-input\":{\"@type\":\"PropertyValueSpecification\",\"valueRequired\":true,\"valueName\":\"search_term_string\"}}],\"inLanguage\":\"en-US\"}]}<\/script>\n<!-- \/ Yoast SEO plugin. -->","yoast_head_json":{"title":"From Isle to Isle - Mahogany H\u00f4tel R\u00e9sidence &amp; Spa","robots":{"index":"index","follow":"follow","max-snippet":"max-snippet:-1","max-image-preview":"max-image-preview:large","max-video-preview":"max-video-preview:-1"},"canonical":"https:\/\/www.hotel-mahogany.com\/en\/concierge-service\/from-isle-to-isle\/","og_locale":"en_US","og_type":"article","og_title":"From Isle to Isle - Mahogany H\u00f4tel R\u00e9sidence &amp; Spa","og_description":"&gt; Les Saintes guided tour, whole day &gt; Les Saintes free visit, whole day! &gt; Les Saintes by sailboat &gt; Marie-Galante guided tour, whole day &gt; Marie-Galante free visit, whole day &gt; La D\u00e9sirade guided tour, whole day &gt; La D\u00e9sirade: guided tour by 4&#215;4 &gt; La D\u00e9sirade, free visit &gt; Petite-Terre: day outing by [&hellip;]","og_url":"https:\/\/www.hotel-mahogany.com\/en\/concierge-service\/from-isle-to-isle\/","og_site_name":"Mahogany H\u00f4tel R\u00e9sidence &amp; Spa","article_modified_time":"2021-11-12T12:14:51+00:00","twitter_card":"summary_large_image","schema":{"@context":"https:\/\/schema.org","@graph":[{"@type":"WebPage","@id":"https:\/\/www.hotel-mahogany.com\/en\/concierge-service\/from-isle-to-isle\/","url":"https:\/\/www.hotel-mahogany.com\/en\/concierge-service\/from-isle-to-isle\/","name":"From Isle to Isle - Mahogany H\u00f4tel R\u00e9sidence &amp; Spa","isPartOf":{"@id":"https:\/\/www.hotel-mahogany.com\/en\/#website"},"datePublished":"2019-10-07T14:04:21+00:00","dateModified":"2021-11-12T12:14:51+00:00","breadcrumb":{"@id":"https:\/\/www.hotel-mahogany.com\/en\/concierge-service\/from-isle-to-isle\/#breadcrumb"},"inLanguage":"en-US","potentialAction":[{"@type":"ReadAction","target":["https:\/\/www.hotel-mahogany.com\/en\/concierge-service\/from-isle-to-isle\/"]}]},{"@type":"BreadcrumbList","@id":"https:\/\/www.hotel-mahogany.com\/en\/concierge-service\/from-isle-to-isle\/#breadcrumb","itemListElement":[{"@type":"ListItem","position":1,"name":"Accueil","item":"https:\/\/www.hotel-mahogany.com\/en\/"},{"@type":"ListItem","position":2,"name":"CONCIERGE SERVICE","item":"https:\/\/www.hotel-mahogany.com\/en\/concierge-service\/"},{"@type":"ListItem","position":3,"name":"From Isle to Isle"}]},{"@type":"WebSite","@id":"https:\/\/www.hotel-mahogany.com\/en\/#website","url":"https:\/\/www.hotel-mahogany.com\/en\/","name":"Mahogany H\u00f4tel R\u00e9sidence &amp; Spa","description":"Un site utilisant ms.decms.eu","potentialAction":[{"@type":"SearchAction","target":{"@type":"EntryPoint","urlTemplate":"https:\/\/www.hotel-mahogany.com\/en\/?s={search_term_string}"},"query-input":{"@type":"PropertyValueSpecification","valueRequired":true,"valueName":"search_term_string"}}],"inLanguage":"en-US"}]}},"acf":[],"_links":{"self":[{"href":"https:\/\/www.hotel-mahogany.com\/en\/wp-json\/wp\/v2\/pages\/600","targetHints":{"allow":["GET"]}}],"collection":[{"href":"https:\/\/www.hotel-mahogany.com\/en\/wp-json\/wp\/v2\/pages"}],"about":[{"href":"https:\/\/www.hotel-mahogany.com\/en\/wp-json\/wp\/v2\/types\/page"}],"author":[{"embeddable":true,"href":"https:\/\/www.hotel-mahogany.com\/en\/wp-json\/wp\/v2\/users\/14"}],"replies":[{"embeddable":true,"href":"https:\/\/www.hotel-mahogany.com\/en\/wp-json\/wp\/v2\/comments?post=600"}],"version-history":[{"count":0,"href":"https:\/\/www.hotel-mahogany.com\/en\/wp-json\/wp\/v2\/pages\/600\/revisions"}],"up":[{"embeddable":true,"href":"https:\/\/www.hotel-mahogany.com\/en\/wp-json\/wp\/v2\/pages\/592"}],"wp:attachment":[{"href":"https:\/\/www.hotel-mahogany.com\/en\/wp-json\/wp\/v2\/media?parent=600"}],"curies":[{"name":"wp","href":"https:\/\/api.w.org\/{rel}","templated":true}]}}