{"id":612,"date":"2019-10-07T16:42:57","date_gmt":"2019-10-07T14:42:57","guid":{"rendered":"http:\/\/mahogany.ms.decms.eu\/spa\/soins-massages\/"},"modified":"2019-10-07T16:42:57","modified_gmt":"2019-10-07T14:42:57","slug":"soins-massages","status":"publish","type":"page","link":"https:\/\/www.hotel-mahogany.com\/en\/spa\/soins-massages\/","title":{"rendered":"Soins &#038; Massages"},"content":{"rendered":"<p>Profitez de l&#8217;ambiance envo\u00fbtante pour vous d\u00e9tendre gr\u00e2ce \u00e0 une d\u00e9coration chaleureuse en bois et de la musique douce propose au l\u00e2cher-prise.<br \/>\nLes senteurs des produits utilis\u00e9s pour votre soin feront voyager vos sens.<\/p>\n","protected":false},"excerpt":{"rendered":"<p>Profitez de l&#8217;ambiance envo\u00fbtante pour vous d\u00e9tendre gr\u00e2ce \u00e0 une d\u00e9coration chaleureuse en bois et de la musique douce propose au l\u00e2cher-prise. Les senteurs des produits utilis\u00e9s pour votre soin feront voyager vos sens.<\/p>\n","protected":false},"author":14,"featured_media":0,"parent":607,"menu_order":0,"comment_status":"closed","ping_status":"closed","template":"","meta":{"footnotes":""},"class_list":["post-612","page","type-page","status-publish","hentry"],"yoast_head":"<!-- This site is optimized with the Yoast SEO plugin v26.9 - https:\/\/yoast.com\/product\/yoast-seo-wordpress\/ -->\n<title>Soins &amp; Massages - Mahogany H\u00f4tel R\u00e9sidence &amp; Spa<\/title>\n<meta name=\"robots\" content=\"index, follow, max-snippet:-1, max-image-preview:large, max-video-preview:-1\" \/>\n<link rel=\"canonical\" href=\"https:\/\/www.hotel-mahogany.com\/en\/spa\/soins-massages\/\" \/>\n<meta property=\"og:locale\" content=\"en_US\" \/>\n<meta property=\"og:type\" content=\"article\" \/>\n<meta property=\"og:title\" content=\"Soins &amp; Massages - Mahogany H\u00f4tel R\u00e9sidence &amp; Spa\" \/>\n<meta property=\"og:description\" content=\"Profitez de l&#8217;ambiance envo\u00fbtante pour vous d\u00e9tendre gr\u00e2ce \u00e0 une d\u00e9coration chaleureuse en bois et de la musique douce propose au l\u00e2cher-prise. Les senteurs des produits utilis\u00e9s pour votre soin feront voyager vos sens.\" \/>\n<meta property=\"og:url\" content=\"https:\/\/www.hotel-mahogany.com\/en\/spa\/soins-massages\/\" \/>\n<meta property=\"og:site_name\" content=\"Mahogany H\u00f4tel R\u00e9sidence &amp; Spa\" \/>\n<meta name=\"twitter:card\" content=\"summary_large_image\" \/>\n<script type=\"application\/ld+json\" class=\"yoast-schema-graph\">{\"@context\":\"https:\/\/schema.org\",\"@graph\":[{\"@type\":\"WebPage\",\"@id\":\"https:\/\/www.hotel-mahogany.com\/en\/spa\/soins-massages\/\",\"url\":\"https:\/\/www.hotel-mahogany.com\/en\/spa\/soins-massages\/\",\"name\":\"Soins & Massages - Mahogany H\u00f4tel R\u00e9sidence &amp; Spa\",\"isPartOf\":{\"@id\":\"https:\/\/www.hotel-mahogany.com\/en\/#website\"},\"datePublished\":\"2019-10-07T14:42:57+00:00\",\"breadcrumb\":{\"@id\":\"https:\/\/www.hotel-mahogany.com\/en\/spa\/soins-massages\/#breadcrumb\"},\"inLanguage\":\"en-US\",\"potentialAction\":[{\"@type\":\"ReadAction\",\"target\":[\"https:\/\/www.hotel-mahogany.com\/en\/spa\/soins-massages\/\"]}]},{\"@type\":\"BreadcrumbList\",\"@id\":\"https:\/\/www.hotel-mahogany.com\/en\/spa\/soins-massages\/#breadcrumb\",\"itemListElement\":[{\"@type\":\"ListItem\",\"position\":1,\"name\":\"Accueil\",\"item\":\"https:\/\/www.hotel-mahogany.com\/en\/\"},{\"@type\":\"ListItem\",\"position\":2,\"name\":\"La Cr\u00e9ole SPA\",\"item\":\"https:\/\/www.hotel-mahogany.com\/en\/spa\/\"},{\"@type\":\"ListItem\",\"position\":3,\"name\":\"Soins &#038; Massages\"}]},{\"@type\":\"WebSite\",\"@id\":\"https:\/\/www.hotel-mahogany.com\/en\/#website\",\"url\":\"https:\/\/www.hotel-mahogany.com\/en\/\",\"name\":\"Mahogany H\u00f4tel R\u00e9sidence &amp; Spa\",\"description\":\"Un site utilisant ms.decms.eu\",\"potentialAction\":[{\"@type\":\"SearchAction\",\"target\":{\"@type\":\"EntryPoint\",\"urlTemplate\":\"https:\/\/www.hotel-mahogany.com\/en\/?s={search_term_string}\"},\"query-input\":{\"@type\":\"PropertyValueSpecification\",\"valueRequired\":true,\"valueName\":\"search_term_string\"}}],\"inLanguage\":\"en-US\"}]}<\/script>\n<!-- \/ Yoast SEO plugin. -->","yoast_head_json":{"title":"Soins & Massages - Mahogany H\u00f4tel R\u00e9sidence &amp; Spa","robots":{"index":"index","follow":"follow","max-snippet":"max-snippet:-1","max-image-preview":"max-image-preview:large","max-video-preview":"max-video-preview:-1"},"canonical":"https:\/\/www.hotel-mahogany.com\/en\/spa\/soins-massages\/","og_locale":"en_US","og_type":"article","og_title":"Soins & Massages - Mahogany H\u00f4tel R\u00e9sidence &amp; Spa","og_description":"Profitez de l&#8217;ambiance envo\u00fbtante pour vous d\u00e9tendre gr\u00e2ce \u00e0 une d\u00e9coration chaleureuse en bois et de la musique douce propose au l\u00e2cher-prise. Les senteurs des produits utilis\u00e9s pour votre soin feront voyager vos sens.","og_url":"https:\/\/www.hotel-mahogany.com\/en\/spa\/soins-massages\/","og_site_name":"Mahogany H\u00f4tel R\u00e9sidence &amp; Spa","twitter_card":"summary_large_image","schema":{"@context":"https:\/\/schema.org","@graph":[{"@type":"WebPage","@id":"https:\/\/www.hotel-mahogany.com\/en\/spa\/soins-massages\/","url":"https:\/\/www.hotel-mahogany.com\/en\/spa\/soins-massages\/","name":"Soins & Massages - Mahogany H\u00f4tel R\u00e9sidence &amp; Spa","isPartOf":{"@id":"https:\/\/www.hotel-mahogany.com\/en\/#website"},"datePublished":"2019-10-07T14:42:57+00:00","breadcrumb":{"@id":"https:\/\/www.hotel-mahogany.com\/en\/spa\/soins-massages\/#breadcrumb"},"inLanguage":"en-US","potentialAction":[{"@type":"ReadAction","target":["https:\/\/www.hotel-mahogany.com\/en\/spa\/soins-massages\/"]}]},{"@type":"BreadcrumbList","@id":"https:\/\/www.hotel-mahogany.com\/en\/spa\/soins-massages\/#breadcrumb","itemListElement":[{"@type":"ListItem","position":1,"name":"Accueil","item":"https:\/\/www.hotel-mahogany.com\/en\/"},{"@type":"ListItem","position":2,"name":"La Cr\u00e9ole SPA","item":"https:\/\/www.hotel-mahogany.com\/en\/spa\/"},{"@type":"ListItem","position":3,"name":"Soins &#038; Massages"}]},{"@type":"WebSite","@id":"https:\/\/www.hotel-mahogany.com\/en\/#website","url":"https:\/\/www.hotel-mahogany.com\/en\/","name":"Mahogany H\u00f4tel R\u00e9sidence &amp; Spa","description":"Un site utilisant ms.decms.eu","potentialAction":[{"@type":"SearchAction","target":{"@type":"EntryPoint","urlTemplate":"https:\/\/www.hotel-mahogany.com\/en\/?s={search_term_string}"},"query-input":{"@type":"PropertyValueSpecification","valueRequired":true,"valueName":"search_term_string"}}],"inLanguage":"en-US"}]}},"acf":[],"_links":{"self":[{"href":"https:\/\/www.hotel-mahogany.com\/en\/wp-json\/wp\/v2\/pages\/612","targetHints":{"allow":["GET"]}}],"collection":[{"href":"https:\/\/www.hotel-mahogany.com\/en\/wp-json\/wp\/v2\/pages"}],"about":[{"href":"https:\/\/www.hotel-mahogany.com\/en\/wp-json\/wp\/v2\/types\/page"}],"author":[{"embeddable":true,"href":"https:\/\/www.hotel-mahogany.com\/en\/wp-json\/wp\/v2\/users\/14"}],"replies":[{"embeddable":true,"href":"https:\/\/www.hotel-mahogany.com\/en\/wp-json\/wp\/v2\/comments?post=612"}],"version-history":[{"count":0,"href":"https:\/\/www.hotel-mahogany.com\/en\/wp-json\/wp\/v2\/pages\/612\/revisions"}],"up":[{"embeddable":true,"href":"https:\/\/www.hotel-mahogany.com\/en\/wp-json\/wp\/v2\/pages\/607"}],"wp:attachment":[{"href":"https:\/\/www.hotel-mahogany.com\/en\/wp-json\/wp\/v2\/media?parent=612"}],"curies":[{"name":"wp","href":"https:\/\/api.w.org\/{rel}","templated":true}]}}