{"id":618,"date":"2019-10-07T17:30:44","date_gmt":"2019-10-07T15:30:44","guid":{"rendered":"http:\/\/mahogany.ms.decms.eu\/recrutement\/"},"modified":"2019-12-17T11:35:17","modified_gmt":"2019-12-17T10:35:17","slug":"working-for-us","status":"publish","type":"page","link":"https:\/\/www.hotel-mahogany.com\/en\/working-for-us\/","title":{"rendered":"Recruitment"},"content":{"rendered":"<p>Mahogany H\u00f4tel R\u00e9sidence &amp; Spa firmly believes in creativity, communication and sharing. We are committed to providing excellent services and to creating enchantment for our guests through unforgettable experiences.<\/p>\n<p>We are looking for people who share our values and, above all, are keen to devote their talents to contribute to our excellent service.<\/p>\n<p>Please send us your resume and cover letter at the following address: <a href=\"mailto:rh@leaderhotels.com\">rh@leaderhotels.com<\/a><\/p>\n","protected":false},"excerpt":{"rendered":"<p>Mahogany H\u00f4tel R\u00e9sidence &amp; Spa firmly believes in creativity, communication and sharing. We are committed to providing excellent services and to creating enchantment for our guests through unforgettable experiences. We are looking for people who share our values and, above all, are keen to devote their talents to contribute to our excellent service. Please send [&hellip;]<\/p>\n","protected":false},"author":14,"featured_media":0,"parent":0,"menu_order":0,"comment_status":"closed","ping_status":"closed","template":"","meta":{"footnotes":""},"class_list":["post-618","page","type-page","status-publish","hentry"],"yoast_head":"<!-- This site is optimized with the Yoast SEO plugin v26.9 - https:\/\/yoast.com\/product\/yoast-seo-wordpress\/ -->\n<title>Recruitment - Mahogany H\u00f4tel R\u00e9sidence &amp; Spa<\/title>\n<meta name=\"robots\" content=\"index, follow, max-snippet:-1, max-image-preview:large, max-video-preview:-1\" \/>\n<link rel=\"canonical\" href=\"https:\/\/www.hotel-mahogany.com\/en\/working-for-us\/\" \/>\n<meta property=\"og:locale\" content=\"en_US\" \/>\n<meta property=\"og:type\" content=\"article\" \/>\n<meta property=\"og:title\" content=\"Recruitment - Mahogany H\u00f4tel R\u00e9sidence &amp; Spa\" \/>\n<meta property=\"og:description\" content=\"Mahogany H\u00f4tel R\u00e9sidence &amp; Spa firmly believes in creativity, communication and sharing. We are committed to providing excellent services and to creating enchantment for our guests through unforgettable experiences. We are looking for people who share our values and, above all, are keen to devote their talents to contribute to our excellent service. Please send [&hellip;]\" \/>\n<meta property=\"og:url\" content=\"https:\/\/www.hotel-mahogany.com\/en\/working-for-us\/\" \/>\n<meta property=\"og:site_name\" content=\"Mahogany H\u00f4tel R\u00e9sidence &amp; Spa\" \/>\n<meta property=\"article:modified_time\" content=\"2019-12-17T10:35:17+00:00\" \/>\n<meta name=\"twitter:card\" content=\"summary_large_image\" \/>\n<script type=\"application\/ld+json\" class=\"yoast-schema-graph\">{\"@context\":\"https:\/\/schema.org\",\"@graph\":[{\"@type\":\"WebPage\",\"@id\":\"https:\/\/www.hotel-mahogany.com\/en\/working-for-us\/\",\"url\":\"https:\/\/www.hotel-mahogany.com\/en\/working-for-us\/\",\"name\":\"Recruitment - Mahogany H\u00f4tel R\u00e9sidence &amp; Spa\",\"isPartOf\":{\"@id\":\"https:\/\/www.hotel-mahogany.com\/en\/#website\"},\"datePublished\":\"2019-10-07T15:30:44+00:00\",\"dateModified\":\"2019-12-17T10:35:17+00:00\",\"breadcrumb\":{\"@id\":\"https:\/\/www.hotel-mahogany.com\/en\/working-for-us\/#breadcrumb\"},\"inLanguage\":\"en-US\",\"potentialAction\":[{\"@type\":\"ReadAction\",\"target\":[\"https:\/\/www.hotel-mahogany.com\/en\/working-for-us\/\"]}]},{\"@type\":\"BreadcrumbList\",\"@id\":\"https:\/\/www.hotel-mahogany.com\/en\/working-for-us\/#breadcrumb\",\"itemListElement\":[{\"@type\":\"ListItem\",\"position\":1,\"name\":\"Accueil\",\"item\":\"https:\/\/www.hotel-mahogany.com\/en\/\"},{\"@type\":\"ListItem\",\"position\":2,\"name\":\"Recruitment\"}]},{\"@type\":\"WebSite\",\"@id\":\"https:\/\/www.hotel-mahogany.com\/en\/#website\",\"url\":\"https:\/\/www.hotel-mahogany.com\/en\/\",\"name\":\"Mahogany H\u00f4tel R\u00e9sidence &amp; Spa\",\"description\":\"Un site utilisant ms.decms.eu\",\"potentialAction\":[{\"@type\":\"SearchAction\",\"target\":{\"@type\":\"EntryPoint\",\"urlTemplate\":\"https:\/\/www.hotel-mahogany.com\/en\/?s={search_term_string}\"},\"query-input\":{\"@type\":\"PropertyValueSpecification\",\"valueRequired\":true,\"valueName\":\"search_term_string\"}}],\"inLanguage\":\"en-US\"}]}<\/script>\n<!-- \/ Yoast SEO plugin. -->","yoast_head_json":{"title":"Recruitment - Mahogany H\u00f4tel R\u00e9sidence &amp; Spa","robots":{"index":"index","follow":"follow","max-snippet":"max-snippet:-1","max-image-preview":"max-image-preview:large","max-video-preview":"max-video-preview:-1"},"canonical":"https:\/\/www.hotel-mahogany.com\/en\/working-for-us\/","og_locale":"en_US","og_type":"article","og_title":"Recruitment - Mahogany H\u00f4tel R\u00e9sidence &amp; Spa","og_description":"Mahogany H\u00f4tel R\u00e9sidence &amp; Spa firmly believes in creativity, communication and sharing. We are committed to providing excellent services and to creating enchantment for our guests through unforgettable experiences. We are looking for people who share our values and, above all, are keen to devote their talents to contribute to our excellent service. Please send [&hellip;]","og_url":"https:\/\/www.hotel-mahogany.com\/en\/working-for-us\/","og_site_name":"Mahogany H\u00f4tel R\u00e9sidence &amp; Spa","article_modified_time":"2019-12-17T10:35:17+00:00","twitter_card":"summary_large_image","schema":{"@context":"https:\/\/schema.org","@graph":[{"@type":"WebPage","@id":"https:\/\/www.hotel-mahogany.com\/en\/working-for-us\/","url":"https:\/\/www.hotel-mahogany.com\/en\/working-for-us\/","name":"Recruitment - Mahogany H\u00f4tel R\u00e9sidence &amp; Spa","isPartOf":{"@id":"https:\/\/www.hotel-mahogany.com\/en\/#website"},"datePublished":"2019-10-07T15:30:44+00:00","dateModified":"2019-12-17T10:35:17+00:00","breadcrumb":{"@id":"https:\/\/www.hotel-mahogany.com\/en\/working-for-us\/#breadcrumb"},"inLanguage":"en-US","potentialAction":[{"@type":"ReadAction","target":["https:\/\/www.hotel-mahogany.com\/en\/working-for-us\/"]}]},{"@type":"BreadcrumbList","@id":"https:\/\/www.hotel-mahogany.com\/en\/working-for-us\/#breadcrumb","itemListElement":[{"@type":"ListItem","position":1,"name":"Accueil","item":"https:\/\/www.hotel-mahogany.com\/en\/"},{"@type":"ListItem","position":2,"name":"Recruitment"}]},{"@type":"WebSite","@id":"https:\/\/www.hotel-mahogany.com\/en\/#website","url":"https:\/\/www.hotel-mahogany.com\/en\/","name":"Mahogany H\u00f4tel R\u00e9sidence &amp; Spa","description":"Un site utilisant ms.decms.eu","potentialAction":[{"@type":"SearchAction","target":{"@type":"EntryPoint","urlTemplate":"https:\/\/www.hotel-mahogany.com\/en\/?s={search_term_string}"},"query-input":{"@type":"PropertyValueSpecification","valueRequired":true,"valueName":"search_term_string"}}],"inLanguage":"en-US"}]}},"acf":[],"_links":{"self":[{"href":"https:\/\/www.hotel-mahogany.com\/en\/wp-json\/wp\/v2\/pages\/618","targetHints":{"allow":["GET"]}}],"collection":[{"href":"https:\/\/www.hotel-mahogany.com\/en\/wp-json\/wp\/v2\/pages"}],"about":[{"href":"https:\/\/www.hotel-mahogany.com\/en\/wp-json\/wp\/v2\/types\/page"}],"author":[{"embeddable":true,"href":"https:\/\/www.hotel-mahogany.com\/en\/wp-json\/wp\/v2\/users\/14"}],"replies":[{"embeddable":true,"href":"https:\/\/www.hotel-mahogany.com\/en\/wp-json\/wp\/v2\/comments?post=618"}],"version-history":[{"count":0,"href":"https:\/\/www.hotel-mahogany.com\/en\/wp-json\/wp\/v2\/pages\/618\/revisions"}],"wp:attachment":[{"href":"https:\/\/www.hotel-mahogany.com\/en\/wp-json\/wp\/v2\/media?parent=618"}],"curies":[{"name":"wp","href":"https:\/\/api.w.org\/{rel}","templated":true}]}}