{"id":619,"date":"2019-10-07T15:22:25","date_gmt":"2019-10-07T13:22:25","guid":{"rendered":"http:\/\/mahogany.ms.decms.eu\/restaurants-bar\/"},"modified":"2019-12-13T11:27:57","modified_gmt":"2019-12-13T10:27:57","slug":"restaurants-bar","status":"publish","type":"page","link":"https:\/\/www.hotel-mahogany.com\/en\/restaurants-bar\/","title":{"rendered":"RESTAURANTS &amp; BAR"},"content":{"rendered":"<p>The three restaurants and the bar at the Mahogany R\u00e9sidence Hotel &amp; Spa will make your mouth water all day long.<br \/>\nGet a great start to the day with an American breakfast at the La Route des Epices restaurant.<\/p>\n<p>Enjoy an exceptional \u00e0 la carte lunch with Creole and international flavors, as you marvel at the view of the bay, at the Le Zawag restaurant.<br \/>\nThe Case Beach Pizza restaurant is open all day and serves a range of pizzas, paninis, pastries, salads and drinks.<br \/>\nFor early and late evening drinks, the La Rhumerie Bar offers a wide selection of cocktails and local drinks.<\/p>\n<p>Finally, to round off your day in paradise, you can enjoy dinner at La Route des Epices and its buffet featuring four different cuisines: Asian, Creole, Italian and grill, or admire the spectacular sunset over the sea as you savour your dinner of the local specialities of lobster, fish caught in pots and freshwater shrimp.<\/p>\n","protected":false},"excerpt":{"rendered":"<p>The three restaurants and the bar at the Mahogany R\u00e9sidence Hotel &amp; Spa will make your mouth water all day long. Get a great start to the day with an American breakfast at the La Route des Epices restaurant. Enjoy an exceptional \u00e0 la carte lunch with Creole and international flavors, as you marvel at [&hellip;]<\/p>\n","protected":false},"author":14,"featured_media":0,"parent":0,"menu_order":0,"comment_status":"closed","ping_status":"closed","template":"template-restaurants.php","meta":{"footnotes":""},"class_list":["post-619","page","type-page","status-publish","hentry"],"yoast_head":"<!-- This site is optimized with the Yoast SEO plugin v26.9 - https:\/\/yoast.com\/product\/yoast-seo-wordpress\/ -->\n<title>RESTAURANTS &amp; BAR - Mahogany H\u00f4tel R\u00e9sidence &amp; Spa<\/title>\n<meta name=\"robots\" content=\"index, follow, max-snippet:-1, max-image-preview:large, max-video-preview:-1\" \/>\n<link rel=\"canonical\" href=\"https:\/\/www.hotel-mahogany.com\/en\/restaurants-bar\/\" \/>\n<meta property=\"og:locale\" content=\"en_US\" \/>\n<meta property=\"og:type\" content=\"article\" \/>\n<meta property=\"og:title\" content=\"RESTAURANTS &amp; BAR - Mahogany H\u00f4tel R\u00e9sidence &amp; Spa\" \/>\n<meta property=\"og:description\" content=\"The three restaurants and the bar at the Mahogany R\u00e9sidence Hotel &amp; Spa will make your mouth water all day long. Get a great start to the day with an American breakfast at the La Route des Epices restaurant. Enjoy an exceptional \u00e0 la carte lunch with Creole and international flavors, as you marvel at [&hellip;]\" \/>\n<meta property=\"og:url\" content=\"https:\/\/www.hotel-mahogany.com\/en\/restaurants-bar\/\" \/>\n<meta property=\"og:site_name\" content=\"Mahogany H\u00f4tel R\u00e9sidence &amp; Spa\" \/>\n<meta property=\"article:modified_time\" content=\"2019-12-13T10:27:57+00:00\" \/>\n<meta name=\"twitter:card\" content=\"summary_large_image\" \/>\n<meta name=\"twitter:label1\" content=\"Est. reading time\" \/>\n\t<meta name=\"twitter:data1\" content=\"1 minute\" \/>\n<script type=\"application\/ld+json\" class=\"yoast-schema-graph\">{\"@context\":\"https:\/\/schema.org\",\"@graph\":[{\"@type\":\"WebPage\",\"@id\":\"https:\/\/www.hotel-mahogany.com\/en\/restaurants-bar\/\",\"url\":\"https:\/\/www.hotel-mahogany.com\/en\/restaurants-bar\/\",\"name\":\"RESTAURANTS &amp; BAR - Mahogany H\u00f4tel R\u00e9sidence &amp; Spa\",\"isPartOf\":{\"@id\":\"https:\/\/www.hotel-mahogany.com\/en\/#website\"},\"datePublished\":\"2019-10-07T13:22:25+00:00\",\"dateModified\":\"2019-12-13T10:27:57+00:00\",\"breadcrumb\":{\"@id\":\"https:\/\/www.hotel-mahogany.com\/en\/restaurants-bar\/#breadcrumb\"},\"inLanguage\":\"en-US\",\"potentialAction\":[{\"@type\":\"ReadAction\",\"target\":[\"https:\/\/www.hotel-mahogany.com\/en\/restaurants-bar\/\"]}]},{\"@type\":\"BreadcrumbList\",\"@id\":\"https:\/\/www.hotel-mahogany.com\/en\/restaurants-bar\/#breadcrumb\",\"itemListElement\":[{\"@type\":\"ListItem\",\"position\":1,\"name\":\"Accueil\",\"item\":\"https:\/\/www.hotel-mahogany.com\/en\/\"},{\"@type\":\"ListItem\",\"position\":2,\"name\":\"RESTAURANTS &amp; BAR\"}]},{\"@type\":\"WebSite\",\"@id\":\"https:\/\/www.hotel-mahogany.com\/en\/#website\",\"url\":\"https:\/\/www.hotel-mahogany.com\/en\/\",\"name\":\"Mahogany H\u00f4tel R\u00e9sidence &amp; Spa\",\"description\":\"Un site utilisant ms.decms.eu\",\"potentialAction\":[{\"@type\":\"SearchAction\",\"target\":{\"@type\":\"EntryPoint\",\"urlTemplate\":\"https:\/\/www.hotel-mahogany.com\/en\/?s={search_term_string}\"},\"query-input\":{\"@type\":\"PropertyValueSpecification\",\"valueRequired\":true,\"valueName\":\"search_term_string\"}}],\"inLanguage\":\"en-US\"}]}<\/script>\n<!-- \/ Yoast SEO plugin. -->","yoast_head_json":{"title":"RESTAURANTS &amp; BAR - Mahogany H\u00f4tel R\u00e9sidence &amp; Spa","robots":{"index":"index","follow":"follow","max-snippet":"max-snippet:-1","max-image-preview":"max-image-preview:large","max-video-preview":"max-video-preview:-1"},"canonical":"https:\/\/www.hotel-mahogany.com\/en\/restaurants-bar\/","og_locale":"en_US","og_type":"article","og_title":"RESTAURANTS &amp; BAR - Mahogany H\u00f4tel R\u00e9sidence &amp; Spa","og_description":"The three restaurants and the bar at the Mahogany R\u00e9sidence Hotel &amp; Spa will make your mouth water all day long. Get a great start to the day with an American breakfast at the La Route des Epices restaurant. Enjoy an exceptional \u00e0 la carte lunch with Creole and international flavors, as you marvel at [&hellip;]","og_url":"https:\/\/www.hotel-mahogany.com\/en\/restaurants-bar\/","og_site_name":"Mahogany H\u00f4tel R\u00e9sidence &amp; Spa","article_modified_time":"2019-12-13T10:27:57+00:00","twitter_card":"summary_large_image","twitter_misc":{"Est. reading time":"1 minute"},"schema":{"@context":"https:\/\/schema.org","@graph":[{"@type":"WebPage","@id":"https:\/\/www.hotel-mahogany.com\/en\/restaurants-bar\/","url":"https:\/\/www.hotel-mahogany.com\/en\/restaurants-bar\/","name":"RESTAURANTS &amp; BAR - Mahogany H\u00f4tel R\u00e9sidence &amp; Spa","isPartOf":{"@id":"https:\/\/www.hotel-mahogany.com\/en\/#website"},"datePublished":"2019-10-07T13:22:25+00:00","dateModified":"2019-12-13T10:27:57+00:00","breadcrumb":{"@id":"https:\/\/www.hotel-mahogany.com\/en\/restaurants-bar\/#breadcrumb"},"inLanguage":"en-US","potentialAction":[{"@type":"ReadAction","target":["https:\/\/www.hotel-mahogany.com\/en\/restaurants-bar\/"]}]},{"@type":"BreadcrumbList","@id":"https:\/\/www.hotel-mahogany.com\/en\/restaurants-bar\/#breadcrumb","itemListElement":[{"@type":"ListItem","position":1,"name":"Accueil","item":"https:\/\/www.hotel-mahogany.com\/en\/"},{"@type":"ListItem","position":2,"name":"RESTAURANTS &amp; BAR"}]},{"@type":"WebSite","@id":"https:\/\/www.hotel-mahogany.com\/en\/#website","url":"https:\/\/www.hotel-mahogany.com\/en\/","name":"Mahogany H\u00f4tel R\u00e9sidence &amp; Spa","description":"Un site utilisant ms.decms.eu","potentialAction":[{"@type":"SearchAction","target":{"@type":"EntryPoint","urlTemplate":"https:\/\/www.hotel-mahogany.com\/en\/?s={search_term_string}"},"query-input":{"@type":"PropertyValueSpecification","valueRequired":true,"valueName":"search_term_string"}}],"inLanguage":"en-US"}]}},"acf":[],"_links":{"self":[{"href":"https:\/\/www.hotel-mahogany.com\/en\/wp-json\/wp\/v2\/pages\/619","targetHints":{"allow":["GET"]}}],"collection":[{"href":"https:\/\/www.hotel-mahogany.com\/en\/wp-json\/wp\/v2\/pages"}],"about":[{"href":"https:\/\/www.hotel-mahogany.com\/en\/wp-json\/wp\/v2\/types\/page"}],"author":[{"embeddable":true,"href":"https:\/\/www.hotel-mahogany.com\/en\/wp-json\/wp\/v2\/users\/14"}],"replies":[{"embeddable":true,"href":"https:\/\/www.hotel-mahogany.com\/en\/wp-json\/wp\/v2\/comments?post=619"}],"version-history":[{"count":0,"href":"https:\/\/www.hotel-mahogany.com\/en\/wp-json\/wp\/v2\/pages\/619\/revisions"}],"wp:attachment":[{"href":"https:\/\/www.hotel-mahogany.com\/en\/wp-json\/wp\/v2\/media?parent=619"}],"curies":[{"name":"wp","href":"https:\/\/api.w.org\/{rel}","templated":true}]}}