{"id":723,"date":"2019-10-07T16:04:21","date_gmt":"2019-10-07T14:04:21","guid":{"rendered":"https:\/\/www.hotel-mahogany.com\/conciergerie\/diles-en-iles\/"},"modified":"2021-11-12T13:14:24","modified_gmt":"2021-11-12T12:14:24","slug":"eiland-hoppen","status":"publish","type":"page","link":"https:\/\/www.hotel-mahogany.com\/nl\/conciergedienst\/eiland-hoppen\/","title":{"rendered":"Eiland hoppen"},"content":{"rendered":"<p>&gt; <a href=\"http:\/\/creole.excursions-guadeloupe.com\/info_page.php?ln=fr&amp;tourID=89\" target=\"_blank\" rel=\"noopener noreferrer\" data-saferedirecturl=\"https:\/\/www.google.com\/url?q=http:\/\/creole.excursions-guadeloupe.com\/info_page.php?ln%3Dfr%26tourID%3D89&amp;source=gmail&amp;ust=1574869928385000&amp;usg=AFQjCNGOWvBCq2D2dIPSfJcfwLMJuR5Nog\">Les Saintes dagtrip met gids<\/a><br \/>\n&gt; <a href=\"http:\/\/creole.excursions-guadeloupe.com\/info_page.php?ln=fr&amp;tourID=89\" target=\"_blank\" rel=\"noopener noreferrer\" data-saferedirecturl=\"https:\/\/www.google.com\/url?q=http:\/\/creole.excursions-guadeloupe.com\/info_page.php?ln%3Dfr%26tourID%3D89&amp;source=gmail&amp;ust=1574869928385000&amp;usg=AFQjCNGOWvBCq2D2dIPSfJcfwLMJuR5Nog\">Les Saintes vrij bezoek, dagtrip<\/a><br \/>\n&gt; <a href=\"http:\/\/creole.excursions-guadeloupe.com\/info_page.php?ln=fr&amp;tourID=91\" target=\"_blank\" rel=\"noopener noreferrer\" data-saferedirecturl=\"https:\/\/www.google.com\/url?q=http:\/\/creole.excursions-guadeloupe.com\/info_page.php?ln%3Dfr%26tourID%3D91&amp;source=gmail&amp;ust=1574869928385000&amp;usg=AFQjCNHACSz9Ec_3UF-Q5rgPTlI_ePW78w\">Les Saintes met de zeilboot<\/a><br \/>\n&gt; <a href=\"http:\/\/creole.excursions-guadeloupe.com\/info_page.php?ln=fr&amp;tourID=94\" target=\"_blank\" rel=\"noopener noreferrer\" data-saferedirecturl=\"https:\/\/www.google.com\/url?q=http:\/\/creole.excursions-guadeloupe.com\/info_page.php?ln%3Dfr%26tourID%3D94&amp;source=gmail&amp;ust=1574869928385000&amp;usg=AFQjCNHAlkx6YcI1hhKe63YjMGivcpl5cw\">Marie-Galante dagtrip met gids<\/a><br \/>\n&gt; <a href=\"http:\/\/creole.excursions-guadeloupe.com\/info_page.php?ln=fr&amp;tourID=95\" target=\"_blank\" rel=\"noopener noreferrer\" data-saferedirecturl=\"https:\/\/www.google.com\/url?q=http:\/\/creole.excursions-guadeloupe.com\/info_page.php?ln%3Dfr%26tourID%3D95&amp;source=gmail&amp;ust=1574869928385000&amp;usg=AFQjCNHtg5x_lZDKd2ey0p72pdxFxt28TA\">Marie-Galante vrij bezoek, dagtrip<\/a><br \/>\n&gt; <a href=\"http:\/\/creole.excursions-guadeloupe.com\/info_page.php?ln=fr&amp;tourID=98\" target=\"_blank\" rel=\"noopener noreferrer\" data-saferedirecturl=\"https:\/\/www.google.com\/url?q=http:\/\/creole.excursions-guadeloupe.com\/info_page.php?ln%3Dfr%26tourID%3D98&amp;source=gmail&amp;ust=1574869928385000&amp;usg=AFQjCNHIF_ZBkEzNv4Q8dwEtbUL3l_Oq9A\">La D\u00e9sirade dagtrip met gids<\/a><br \/>\n&gt; <a href=\"http:\/\/creole.excursions-guadeloupe.com\/info_page.php?ln=fr&amp;tourID=99\" target=\"_blank\" rel=\"noopener noreferrer\" data-saferedirecturl=\"https:\/\/www.google.com\/url?q=http:\/\/creole.excursions-guadeloupe.com\/info_page.php?ln%3Dfr%26tourID%3D99&amp;source=gmail&amp;ust=1574869928385000&amp;usg=AFQjCNFevRDxgpdZXSIpTH_uqx582n1gMQ\">La D\u00e9sirade: dagtrip met gids in een jeep 4&#215;4<\/a><br \/>\n&gt; <a href=\"http:\/\/creole.excursions-guadeloupe.com\/info_page.php?ln=fr&amp;tourID=100\" target=\"_blank\" rel=\"noopener noreferrer\" data-saferedirecturl=\"https:\/\/www.google.com\/url?q=http:\/\/creole.excursions-guadeloupe.com\/info_page.php?ln%3Dfr%26tourID%3D100&amp;source=gmail&amp;ust=1574869928385000&amp;usg=AFQjCNGVL8lIU2dvpdSyPxM_W2sRa5AqhA\">La D\u00e9sirade vrij bezoek<\/a><br \/>\n&gt; <a href=\"http:\/\/creole.excursions-guadeloupe.com\/info_page.php?ln=fr&amp;tourID=101\" target=\"_blank\" rel=\"noopener noreferrer\" data-saferedirecturl=\"https:\/\/www.google.com\/url?q=http:\/\/creole.excursions-guadeloupe.com\/info_page.php?ln%3Dfr%26tourID%3D101&amp;source=gmail&amp;ust=1574869928386000&amp;usg=AFQjCNEp7nf29CUzVNH79X4aETqnJjptlg\">Petite-Terre: dagtrip met zeilcatamaran<\/a><br \/>\n&gt; <a href=\"http:\/\/creole.excursions-guadeloupe.com\/info_page.php?ln=fr&amp;tourID=102\" target=\"_blank\" rel=\"noopener noreferrer\" data-saferedirecturl=\"https:\/\/www.google.com\/url?q=http:\/\/creole.excursions-guadeloupe.com\/info_page.php?ln%3Dfr%26tourID%3D102&amp;source=gmail&amp;ust=1574869928386000&amp;usg=AFQjCNGBtJZ7zfrRuG4QBL9mtscDyi0ilA\">Petite-Terre: dagtrip met motorboot<\/a><\/p>\n","protected":false},"excerpt":{"rendered":"<p>&gt; Les Saintes dagtrip met gids &gt; Les Saintes vrij bezoek, dagtrip &gt; Les Saintes met de zeilboot &gt; Marie-Galante dagtrip met gids &gt; Marie-Galante vrij bezoek, dagtrip &gt; La D\u00e9sirade dagtrip met gids &gt; La D\u00e9sirade: dagtrip met gids in een jeep 4&#215;4 &gt; La D\u00e9sirade vrij bezoek &gt; Petite-Terre: dagtrip met zeilcatamaran &gt; [&hellip;]<\/p>\n","protected":false},"author":14,"featured_media":0,"parent":721,"menu_order":20,"comment_status":"closed","ping_status":"closed","template":"","meta":{"footnotes":""},"class_list":["post-723","page","type-page","status-publish","hentry"],"yoast_head":"<!-- This site is optimized with the Yoast SEO plugin v26.9 - https:\/\/yoast.com\/product\/yoast-seo-wordpress\/ -->\n<title>Eiland hoppen - Mahogany H\u00f4tel R\u00e9sidence &amp; Spa<\/title>\n<meta name=\"robots\" content=\"index, follow, max-snippet:-1, max-image-preview:large, max-video-preview:-1\" \/>\n<link rel=\"canonical\" href=\"https:\/\/www.hotel-mahogany.com\/nl\/conciergedienst\/eiland-hoppen\/\" \/>\n<meta property=\"og:locale\" content=\"nl_NL\" \/>\n<meta property=\"og:type\" content=\"article\" \/>\n<meta property=\"og:title\" content=\"Eiland hoppen - Mahogany H\u00f4tel R\u00e9sidence &amp; Spa\" \/>\n<meta property=\"og:description\" content=\"&gt; Les Saintes dagtrip met gids &gt; Les Saintes vrij bezoek, dagtrip &gt; Les Saintes met de zeilboot &gt; Marie-Galante dagtrip met gids &gt; Marie-Galante vrij bezoek, dagtrip &gt; La D\u00e9sirade dagtrip met gids &gt; La D\u00e9sirade: dagtrip met gids in een jeep 4&#215;4 &gt; La D\u00e9sirade vrij bezoek &gt; Petite-Terre: dagtrip met zeilcatamaran &gt; [&hellip;]\" \/>\n<meta property=\"og:url\" content=\"https:\/\/www.hotel-mahogany.com\/nl\/conciergedienst\/eiland-hoppen\/\" \/>\n<meta property=\"og:site_name\" content=\"Mahogany H\u00f4tel R\u00e9sidence &amp; Spa\" \/>\n<meta property=\"article:modified_time\" content=\"2021-11-12T12:14:24+00:00\" \/>\n<meta name=\"twitter:card\" content=\"summary_large_image\" \/>\n<script type=\"application\/ld+json\" class=\"yoast-schema-graph\">{\"@context\":\"https:\/\/schema.org\",\"@graph\":[{\"@type\":\"WebPage\",\"@id\":\"https:\/\/www.hotel-mahogany.com\/nl\/conciergedienst\/eiland-hoppen\/\",\"url\":\"https:\/\/www.hotel-mahogany.com\/nl\/conciergedienst\/eiland-hoppen\/\",\"name\":\"Eiland hoppen - Mahogany H\u00f4tel R\u00e9sidence &amp; Spa\",\"isPartOf\":{\"@id\":\"https:\/\/www.hotel-mahogany.com\/nl\/#website\"},\"datePublished\":\"2019-10-07T14:04:21+00:00\",\"dateModified\":\"2021-11-12T12:14:24+00:00\",\"breadcrumb\":{\"@id\":\"https:\/\/www.hotel-mahogany.com\/nl\/conciergedienst\/eiland-hoppen\/#breadcrumb\"},\"inLanguage\":\"nl-NL\",\"potentialAction\":[{\"@type\":\"ReadAction\",\"target\":[\"https:\/\/www.hotel-mahogany.com\/nl\/conciergedienst\/eiland-hoppen\/\"]}]},{\"@type\":\"BreadcrumbList\",\"@id\":\"https:\/\/www.hotel-mahogany.com\/nl\/conciergedienst\/eiland-hoppen\/#breadcrumb\",\"itemListElement\":[{\"@type\":\"ListItem\",\"position\":1,\"name\":\"Accueil\",\"item\":\"https:\/\/www.hotel-mahogany.com\/nl\/\"},{\"@type\":\"ListItem\",\"position\":2,\"name\":\"CONCIERGEDIENST\",\"item\":\"https:\/\/www.hotel-mahogany.com\/nl\/conciergedienst\/\"},{\"@type\":\"ListItem\",\"position\":3,\"name\":\"Eiland hoppen\"}]},{\"@type\":\"WebSite\",\"@id\":\"https:\/\/www.hotel-mahogany.com\/nl\/#website\",\"url\":\"https:\/\/www.hotel-mahogany.com\/nl\/\",\"name\":\"Mahogany H\u00f4tel R\u00e9sidence &amp; Spa\",\"description\":\"Un site utilisant ms.decms.eu\",\"potentialAction\":[{\"@type\":\"SearchAction\",\"target\":{\"@type\":\"EntryPoint\",\"urlTemplate\":\"https:\/\/www.hotel-mahogany.com\/nl\/?s={search_term_string}\"},\"query-input\":{\"@type\":\"PropertyValueSpecification\",\"valueRequired\":true,\"valueName\":\"search_term_string\"}}],\"inLanguage\":\"nl-NL\"}]}<\/script>\n<!-- \/ Yoast SEO plugin. -->","yoast_head_json":{"title":"Eiland hoppen - Mahogany H\u00f4tel R\u00e9sidence &amp; Spa","robots":{"index":"index","follow":"follow","max-snippet":"max-snippet:-1","max-image-preview":"max-image-preview:large","max-video-preview":"max-video-preview:-1"},"canonical":"https:\/\/www.hotel-mahogany.com\/nl\/conciergedienst\/eiland-hoppen\/","og_locale":"nl_NL","og_type":"article","og_title":"Eiland hoppen - Mahogany H\u00f4tel R\u00e9sidence &amp; Spa","og_description":"&gt; Les Saintes dagtrip met gids &gt; Les Saintes vrij bezoek, dagtrip &gt; Les Saintes met de zeilboot &gt; Marie-Galante dagtrip met gids &gt; Marie-Galante vrij bezoek, dagtrip &gt; La D\u00e9sirade dagtrip met gids &gt; La D\u00e9sirade: dagtrip met gids in een jeep 4&#215;4 &gt; La D\u00e9sirade vrij bezoek &gt; Petite-Terre: dagtrip met zeilcatamaran &gt; [&hellip;]","og_url":"https:\/\/www.hotel-mahogany.com\/nl\/conciergedienst\/eiland-hoppen\/","og_site_name":"Mahogany H\u00f4tel R\u00e9sidence &amp; Spa","article_modified_time":"2021-11-12T12:14:24+00:00","twitter_card":"summary_large_image","schema":{"@context":"https:\/\/schema.org","@graph":[{"@type":"WebPage","@id":"https:\/\/www.hotel-mahogany.com\/nl\/conciergedienst\/eiland-hoppen\/","url":"https:\/\/www.hotel-mahogany.com\/nl\/conciergedienst\/eiland-hoppen\/","name":"Eiland hoppen - Mahogany H\u00f4tel R\u00e9sidence &amp; Spa","isPartOf":{"@id":"https:\/\/www.hotel-mahogany.com\/nl\/#website"},"datePublished":"2019-10-07T14:04:21+00:00","dateModified":"2021-11-12T12:14:24+00:00","breadcrumb":{"@id":"https:\/\/www.hotel-mahogany.com\/nl\/conciergedienst\/eiland-hoppen\/#breadcrumb"},"inLanguage":"nl-NL","potentialAction":[{"@type":"ReadAction","target":["https:\/\/www.hotel-mahogany.com\/nl\/conciergedienst\/eiland-hoppen\/"]}]},{"@type":"BreadcrumbList","@id":"https:\/\/www.hotel-mahogany.com\/nl\/conciergedienst\/eiland-hoppen\/#breadcrumb","itemListElement":[{"@type":"ListItem","position":1,"name":"Accueil","item":"https:\/\/www.hotel-mahogany.com\/nl\/"},{"@type":"ListItem","position":2,"name":"CONCIERGEDIENST","item":"https:\/\/www.hotel-mahogany.com\/nl\/conciergedienst\/"},{"@type":"ListItem","position":3,"name":"Eiland hoppen"}]},{"@type":"WebSite","@id":"https:\/\/www.hotel-mahogany.com\/nl\/#website","url":"https:\/\/www.hotel-mahogany.com\/nl\/","name":"Mahogany H\u00f4tel R\u00e9sidence &amp; Spa","description":"Un site utilisant ms.decms.eu","potentialAction":[{"@type":"SearchAction","target":{"@type":"EntryPoint","urlTemplate":"https:\/\/www.hotel-mahogany.com\/nl\/?s={search_term_string}"},"query-input":{"@type":"PropertyValueSpecification","valueRequired":true,"valueName":"search_term_string"}}],"inLanguage":"nl-NL"}]}},"acf":[],"_links":{"self":[{"href":"https:\/\/www.hotel-mahogany.com\/nl\/wp-json\/wp\/v2\/pages\/723","targetHints":{"allow":["GET"]}}],"collection":[{"href":"https:\/\/www.hotel-mahogany.com\/nl\/wp-json\/wp\/v2\/pages"}],"about":[{"href":"https:\/\/www.hotel-mahogany.com\/nl\/wp-json\/wp\/v2\/types\/page"}],"author":[{"embeddable":true,"href":"https:\/\/www.hotel-mahogany.com\/nl\/wp-json\/wp\/v2\/users\/14"}],"replies":[{"embeddable":true,"href":"https:\/\/www.hotel-mahogany.com\/nl\/wp-json\/wp\/v2\/comments?post=723"}],"version-history":[{"count":0,"href":"https:\/\/www.hotel-mahogany.com\/nl\/wp-json\/wp\/v2\/pages\/723\/revisions"}],"up":[{"embeddable":true,"href":"https:\/\/www.hotel-mahogany.com\/nl\/wp-json\/wp\/v2\/pages\/721"}],"wp:attachment":[{"href":"https:\/\/www.hotel-mahogany.com\/nl\/wp-json\/wp\/v2\/media?parent=723"}],"curies":[{"name":"wp","href":"https:\/\/api.w.org\/{rel}","templated":true}]}}