{"id":730,"date":"2019-10-07T15:37:27","date_gmt":"2019-10-07T13:37:27","guid":{"rendered":"https:\/\/www.hotel-mahogany.com\/spa\/"},"modified":"2024-05-06T10:56:42","modified_gmt":"2024-05-06T08:56:42","slug":"spa","status":"publish","type":"page","link":"https:\/\/www.hotel-mahogany.com\/nl\/spa\/","title":{"rendered":"La Cr\u00e9ole SPA"},"content":{"rendered":"<p>De Spa van 250 m\u00b2 biedt een prachtige combinatie van hout, steen en licht\u2026<\/p>\n<p>Een unieke ruimte om even helemaal bij te tanken en jezelf te verwennen. Gezichtsverzorging, lichaamsbehandelingen, thermale behandelingen, massages, schoonheidsbehandelingen, ontharing, rituals: wij bieden talloze diensten om je zintuigen weer in evenwicht te brengen..<\/p>\n<p>We wensen je een aangename wellnesservaring.<\/p>\n<p><strong>Openingstijden:<\/strong><br \/>\nLa Cr\u00e9ole Spa is open van maandag tot zondag van 9.30 tot 13.00 u en van 14.00 tot 20.00 u (onder voorbehoud van wijzigingen naar gelang het seizoen).<\/p>\n<p><strong>Reserveringen:<\/strong><br \/>\nVan buiten het hotel: +(590) 590 90 23 70<br \/>\nVanuit je kamer: 23 70<br \/>\nE-mail: <a href=\"mailto:spa@creolebeach.com\">spa@creolebeach.com<\/a><\/p>\n<p>&nbsp;<\/p>\n","protected":false},"excerpt":{"rendered":"<p>De Spa van 250 m\u00b2 biedt een prachtige combinatie van hout, steen en licht\u2026 Een unieke ruimte om even helemaal bij te tanken en jezelf te verwennen. Gezichtsverzorging, lichaamsbehandelingen, thermale behandelingen, massages, schoonheidsbehandelingen, ontharing, rituals: wij bieden talloze diensten om je zintuigen weer in evenwicht te brengen.. We wensen je een aangename wellnesservaring. Openingstijden: La [&hellip;]<\/p>\n","protected":false},"author":14,"featured_media":0,"parent":0,"menu_order":0,"comment_status":"closed","ping_status":"closed","template":"template-wellness.php","meta":{"footnotes":""},"class_list":["post-730","page","type-page","status-publish","hentry"],"yoast_head":"<!-- This site is optimized with the Yoast SEO plugin v26.9 - https:\/\/yoast.com\/product\/yoast-seo-wordpress\/ -->\n<title>La Cr\u00e9ole SPA - Mahogany H\u00f4tel R\u00e9sidence &amp; Spa<\/title>\n<meta name=\"robots\" content=\"index, follow, max-snippet:-1, max-image-preview:large, max-video-preview:-1\" \/>\n<link rel=\"canonical\" href=\"https:\/\/www.hotel-mahogany.com\/nl\/spa\/\" \/>\n<meta property=\"og:locale\" content=\"nl_NL\" \/>\n<meta property=\"og:type\" content=\"article\" \/>\n<meta property=\"og:title\" content=\"La Cr\u00e9ole SPA - Mahogany H\u00f4tel R\u00e9sidence &amp; Spa\" \/>\n<meta property=\"og:description\" content=\"De Spa van 250 m\u00b2 biedt een prachtige combinatie van hout, steen en licht\u2026 Een unieke ruimte om even helemaal bij te tanken en jezelf te verwennen. Gezichtsverzorging, lichaamsbehandelingen, thermale behandelingen, massages, schoonheidsbehandelingen, ontharing, rituals: wij bieden talloze diensten om je zintuigen weer in evenwicht te brengen.. We wensen je een aangename wellnesservaring. Openingstijden: La [&hellip;]\" \/>\n<meta property=\"og:url\" content=\"https:\/\/www.hotel-mahogany.com\/nl\/spa\/\" \/>\n<meta property=\"og:site_name\" content=\"Mahogany H\u00f4tel R\u00e9sidence &amp; Spa\" \/>\n<meta property=\"article:modified_time\" content=\"2024-05-06T08:56:42+00:00\" \/>\n<meta name=\"twitter:card\" content=\"summary_large_image\" \/>\n<meta name=\"twitter:label1\" content=\"Geschatte leestijd\" \/>\n\t<meta name=\"twitter:data1\" content=\"1 minuut\" \/>\n<script type=\"application\/ld+json\" class=\"yoast-schema-graph\">{\"@context\":\"https:\/\/schema.org\",\"@graph\":[{\"@type\":\"WebPage\",\"@id\":\"https:\/\/www.hotel-mahogany.com\/nl\/spa\/\",\"url\":\"https:\/\/www.hotel-mahogany.com\/nl\/spa\/\",\"name\":\"La Cr\u00e9ole SPA - Mahogany H\u00f4tel R\u00e9sidence &amp; Spa\",\"isPartOf\":{\"@id\":\"https:\/\/www.hotel-mahogany.com\/nl\/#website\"},\"datePublished\":\"2019-10-07T13:37:27+00:00\",\"dateModified\":\"2024-05-06T08:56:42+00:00\",\"breadcrumb\":{\"@id\":\"https:\/\/www.hotel-mahogany.com\/nl\/spa\/#breadcrumb\"},\"inLanguage\":\"nl-NL\",\"potentialAction\":[{\"@type\":\"ReadAction\",\"target\":[\"https:\/\/www.hotel-mahogany.com\/nl\/spa\/\"]}]},{\"@type\":\"BreadcrumbList\",\"@id\":\"https:\/\/www.hotel-mahogany.com\/nl\/spa\/#breadcrumb\",\"itemListElement\":[{\"@type\":\"ListItem\",\"position\":1,\"name\":\"Accueil\",\"item\":\"https:\/\/www.hotel-mahogany.com\/nl\/\"},{\"@type\":\"ListItem\",\"position\":2,\"name\":\"La Cr\u00e9ole SPA\"}]},{\"@type\":\"WebSite\",\"@id\":\"https:\/\/www.hotel-mahogany.com\/nl\/#website\",\"url\":\"https:\/\/www.hotel-mahogany.com\/nl\/\",\"name\":\"Mahogany H\u00f4tel R\u00e9sidence &amp; Spa\",\"description\":\"Un site utilisant ms.decms.eu\",\"potentialAction\":[{\"@type\":\"SearchAction\",\"target\":{\"@type\":\"EntryPoint\",\"urlTemplate\":\"https:\/\/www.hotel-mahogany.com\/nl\/?s={search_term_string}\"},\"query-input\":{\"@type\":\"PropertyValueSpecification\",\"valueRequired\":true,\"valueName\":\"search_term_string\"}}],\"inLanguage\":\"nl-NL\"}]}<\/script>\n<!-- \/ Yoast SEO plugin. -->","yoast_head_json":{"title":"La Cr\u00e9ole SPA - Mahogany H\u00f4tel R\u00e9sidence &amp; Spa","robots":{"index":"index","follow":"follow","max-snippet":"max-snippet:-1","max-image-preview":"max-image-preview:large","max-video-preview":"max-video-preview:-1"},"canonical":"https:\/\/www.hotel-mahogany.com\/nl\/spa\/","og_locale":"nl_NL","og_type":"article","og_title":"La Cr\u00e9ole SPA - Mahogany H\u00f4tel R\u00e9sidence &amp; Spa","og_description":"De Spa van 250 m\u00b2 biedt een prachtige combinatie van hout, steen en licht\u2026 Een unieke ruimte om even helemaal bij te tanken en jezelf te verwennen. Gezichtsverzorging, lichaamsbehandelingen, thermale behandelingen, massages, schoonheidsbehandelingen, ontharing, rituals: wij bieden talloze diensten om je zintuigen weer in evenwicht te brengen.. We wensen je een aangename wellnesservaring. Openingstijden: La [&hellip;]","og_url":"https:\/\/www.hotel-mahogany.com\/nl\/spa\/","og_site_name":"Mahogany H\u00f4tel R\u00e9sidence &amp; Spa","article_modified_time":"2024-05-06T08:56:42+00:00","twitter_card":"summary_large_image","twitter_misc":{"Geschatte leestijd":"1 minuut"},"schema":{"@context":"https:\/\/schema.org","@graph":[{"@type":"WebPage","@id":"https:\/\/www.hotel-mahogany.com\/nl\/spa\/","url":"https:\/\/www.hotel-mahogany.com\/nl\/spa\/","name":"La Cr\u00e9ole SPA - Mahogany H\u00f4tel R\u00e9sidence &amp; Spa","isPartOf":{"@id":"https:\/\/www.hotel-mahogany.com\/nl\/#website"},"datePublished":"2019-10-07T13:37:27+00:00","dateModified":"2024-05-06T08:56:42+00:00","breadcrumb":{"@id":"https:\/\/www.hotel-mahogany.com\/nl\/spa\/#breadcrumb"},"inLanguage":"nl-NL","potentialAction":[{"@type":"ReadAction","target":["https:\/\/www.hotel-mahogany.com\/nl\/spa\/"]}]},{"@type":"BreadcrumbList","@id":"https:\/\/www.hotel-mahogany.com\/nl\/spa\/#breadcrumb","itemListElement":[{"@type":"ListItem","position":1,"name":"Accueil","item":"https:\/\/www.hotel-mahogany.com\/nl\/"},{"@type":"ListItem","position":2,"name":"La Cr\u00e9ole SPA"}]},{"@type":"WebSite","@id":"https:\/\/www.hotel-mahogany.com\/nl\/#website","url":"https:\/\/www.hotel-mahogany.com\/nl\/","name":"Mahogany H\u00f4tel R\u00e9sidence &amp; Spa","description":"Un site utilisant ms.decms.eu","potentialAction":[{"@type":"SearchAction","target":{"@type":"EntryPoint","urlTemplate":"https:\/\/www.hotel-mahogany.com\/nl\/?s={search_term_string}"},"query-input":{"@type":"PropertyValueSpecification","valueRequired":true,"valueName":"search_term_string"}}],"inLanguage":"nl-NL"}]}},"acf":[],"_links":{"self":[{"href":"https:\/\/www.hotel-mahogany.com\/nl\/wp-json\/wp\/v2\/pages\/730","targetHints":{"allow":["GET"]}}],"collection":[{"href":"https:\/\/www.hotel-mahogany.com\/nl\/wp-json\/wp\/v2\/pages"}],"about":[{"href":"https:\/\/www.hotel-mahogany.com\/nl\/wp-json\/wp\/v2\/types\/page"}],"author":[{"embeddable":true,"href":"https:\/\/www.hotel-mahogany.com\/nl\/wp-json\/wp\/v2\/users\/14"}],"replies":[{"embeddable":true,"href":"https:\/\/www.hotel-mahogany.com\/nl\/wp-json\/wp\/v2\/comments?post=730"}],"version-history":[{"count":0,"href":"https:\/\/www.hotel-mahogany.com\/nl\/wp-json\/wp\/v2\/pages\/730\/revisions"}],"wp:attachment":[{"href":"https:\/\/www.hotel-mahogany.com\/nl\/wp-json\/wp\/v2\/media?parent=730"}],"curies":[{"name":"wp","href":"https:\/\/api.w.org\/{rel}","templated":true}]}}