{"id":736,"date":"2019-09-27T12:33:30","date_gmt":"2019-09-27T10:33:30","guid":{"rendered":"https:\/\/www.hotel-mahogany.com\/mahogany-hotel-residence-spa\/"},"modified":"2020-03-23T13:30:38","modified_gmt":"2020-03-23T12:30:38","slug":"mahogany-hotel-residence-spa","status":"publish","type":"page","link":"https:\/\/www.hotel-mahogany.com\/nl\/","title":{"rendered":"Mahogany Hotel Residence &amp; Spa"},"content":{"rendered":"<p>Het hotel is ideaal gelegen op Grande-Terre, midden in een tropische tuin en aan het strand.<\/p>\n<p>Ontdek en geniet van de creoolse sfeer, dankzij de talloze activiteiten van het hotel en alle diensten die van jouw vakantie een unieke ervaring maken.<\/p>\n<p>Mahogany Hotel Residence &amp; Spa ligt een bijgebouw van La Cr\u00e9ole Beach Hotel &amp; Spa en deelt dezelfde faciliteiten.<\/p>\n<p>Mahogany is een echt hotelcomplex. De kamers, duplex appartementen en suites zijn allemaal uitgerust met keukentjes en een terras, zodat je vrij bent om je vakantie met je gezin of vrienden in te vullen zoals jij dat wilt.<\/p>\n","protected":false},"excerpt":{"rendered":"<p>Het hotel is ideaal gelegen op Grande-Terre, midden in een tropische tuin en aan het strand. Ontdek en geniet van de creoolse sfeer, dankzij de talloze activiteiten van het hotel en alle diensten die van jouw vakantie een unieke ervaring maken. Mahogany Hotel Residence &amp; Spa ligt een bijgebouw van La Cr\u00e9ole Beach Hotel &amp; [&hellip;]<\/p>\n","protected":false},"author":5,"featured_media":0,"parent":0,"menu_order":0,"comment_status":"closed","ping_status":"closed","template":"","meta":{"footnotes":""},"class_list":["post-736","page","type-page","status-publish","hentry"],"yoast_head":"<!-- This site is optimized with the Yoast SEO plugin v26.9 - https:\/\/yoast.com\/product\/yoast-seo-wordpress\/ -->\n<title>Mahogany Hotel Residence &amp; Spa - Mahogany H\u00f4tel R\u00e9sidence &amp; Spa<\/title>\n<meta name=\"description\" content=\"L&#039;h\u00f4tel est id\u00e9alement situ\u00e9 en Grande-Terre, au c\u0153ur d&#039;un jardin tropical et en bord de plage.D\u00e9couvrez et profitez de l&#039;ambiance Cr\u00e9ole, gr\u00e2ce aux animations de l&#039;h\u00f4tel et \u00e0 tous les services qui vous sont propos\u00e9s afin de faire de votre s\u00e9jour un moment d&#039;exception sur mesure.\" \/>\n<meta name=\"robots\" content=\"index, follow, max-snippet:-1, max-image-preview:large, max-video-preview:-1\" \/>\n<link rel=\"canonical\" href=\"https:\/\/www.hotel-mahogany.com\/nl\/\" \/>\n<meta property=\"og:locale\" content=\"nl_NL\" \/>\n<meta property=\"og:type\" content=\"article\" \/>\n<meta property=\"og:title\" content=\"Mahogany Hotel Residence &amp; Spa - Mahogany H\u00f4tel R\u00e9sidence &amp; Spa\" \/>\n<meta property=\"og:description\" content=\"L&#039;h\u00f4tel est id\u00e9alement situ\u00e9 en Grande-Terre, au c\u0153ur d&#039;un jardin tropical et en bord de plage.D\u00e9couvrez et profitez de l&#039;ambiance Cr\u00e9ole, gr\u00e2ce aux animations de l&#039;h\u00f4tel et \u00e0 tous les services qui vous sont propos\u00e9s afin de faire de votre s\u00e9jour un moment d&#039;exception sur mesure.\" \/>\n<meta property=\"og:url\" content=\"https:\/\/www.hotel-mahogany.com\/nl\/\" \/>\n<meta property=\"og:site_name\" content=\"Mahogany H\u00f4tel R\u00e9sidence &amp; Spa\" \/>\n<meta property=\"article:modified_time\" content=\"2020-03-23T12:30:38+00:00\" \/>\n<meta name=\"twitter:card\" content=\"summary_large_image\" \/>\n<script type=\"application\/ld+json\" class=\"yoast-schema-graph\">{\"@context\":\"https:\/\/schema.org\",\"@graph\":[{\"@type\":\"WebPage\",\"@id\":\"https:\/\/www.hotel-mahogany.com\/nl\/\",\"url\":\"https:\/\/www.hotel-mahogany.com\/nl\/\",\"name\":\"Mahogany Hotel Residence &amp; Spa - Mahogany H\u00f4tel R\u00e9sidence &amp; Spa\",\"isPartOf\":{\"@id\":\"https:\/\/www.hotel-mahogany.com\/nl\/#website\"},\"datePublished\":\"2019-09-27T10:33:30+00:00\",\"dateModified\":\"2020-03-23T12:30:38+00:00\",\"description\":\"L'h\u00f4tel est id\u00e9alement situ\u00e9 en Grande-Terre, au c\u0153ur d'un jardin tropical et en bord de plage.D\u00e9couvrez et profitez de l'ambiance Cr\u00e9ole, gr\u00e2ce aux animations de l'h\u00f4tel et \u00e0 tous les services qui vous sont propos\u00e9s afin de faire de votre s\u00e9jour un moment d'exception sur mesure.\",\"breadcrumb\":{\"@id\":\"https:\/\/www.hotel-mahogany.com\/nl\/#breadcrumb\"},\"inLanguage\":\"nl-NL\",\"potentialAction\":[{\"@type\":\"ReadAction\",\"target\":[\"https:\/\/www.hotel-mahogany.com\/nl\/\"]}]},{\"@type\":\"BreadcrumbList\",\"@id\":\"https:\/\/www.hotel-mahogany.com\/nl\/#breadcrumb\",\"itemListElement\":[{\"@type\":\"ListItem\",\"position\":1,\"name\":\"Accueil\",\"item\":\"https:\/\/www.hotel-mahogany.com\/nl\/\"},{\"@type\":\"ListItem\",\"position\":2,\"name\":\"Mahogany Hotel Residence &amp; Spa\"}]},{\"@type\":\"WebSite\",\"@id\":\"https:\/\/www.hotel-mahogany.com\/nl\/#website\",\"url\":\"https:\/\/www.hotel-mahogany.com\/nl\/\",\"name\":\"Mahogany H\u00f4tel R\u00e9sidence &amp; Spa\",\"description\":\"Un site utilisant ms.decms.eu\",\"potentialAction\":[{\"@type\":\"SearchAction\",\"target\":{\"@type\":\"EntryPoint\",\"urlTemplate\":\"https:\/\/www.hotel-mahogany.com\/nl\/?s={search_term_string}\"},\"query-input\":{\"@type\":\"PropertyValueSpecification\",\"valueRequired\":true,\"valueName\":\"search_term_string\"}}],\"inLanguage\":\"nl-NL\"}]}<\/script>\n<!-- \/ Yoast SEO plugin. -->","yoast_head_json":{"title":"Mahogany Hotel Residence &amp; Spa - Mahogany H\u00f4tel R\u00e9sidence &amp; Spa","description":"L'h\u00f4tel est id\u00e9alement situ\u00e9 en Grande-Terre, au c\u0153ur d'un jardin tropical et en bord de plage.D\u00e9couvrez et profitez de l'ambiance Cr\u00e9ole, gr\u00e2ce aux animations de l'h\u00f4tel et \u00e0 tous les services qui vous sont propos\u00e9s afin de faire de votre s\u00e9jour un moment d'exception sur mesure.","robots":{"index":"index","follow":"follow","max-snippet":"max-snippet:-1","max-image-preview":"max-image-preview:large","max-video-preview":"max-video-preview:-1"},"canonical":"https:\/\/www.hotel-mahogany.com\/nl\/","og_locale":"nl_NL","og_type":"article","og_title":"Mahogany Hotel Residence &amp; Spa - Mahogany H\u00f4tel R\u00e9sidence &amp; Spa","og_description":"L'h\u00f4tel est id\u00e9alement situ\u00e9 en Grande-Terre, au c\u0153ur d'un jardin tropical et en bord de plage.D\u00e9couvrez et profitez de l'ambiance Cr\u00e9ole, gr\u00e2ce aux animations de l'h\u00f4tel et \u00e0 tous les services qui vous sont propos\u00e9s afin de faire de votre s\u00e9jour un moment d'exception sur mesure.","og_url":"https:\/\/www.hotel-mahogany.com\/nl\/","og_site_name":"Mahogany H\u00f4tel R\u00e9sidence &amp; Spa","article_modified_time":"2020-03-23T12:30:38+00:00","twitter_card":"summary_large_image","schema":{"@context":"https:\/\/schema.org","@graph":[{"@type":"WebPage","@id":"https:\/\/www.hotel-mahogany.com\/nl\/","url":"https:\/\/www.hotel-mahogany.com\/nl\/","name":"Mahogany Hotel Residence &amp; Spa - Mahogany H\u00f4tel R\u00e9sidence &amp; Spa","isPartOf":{"@id":"https:\/\/www.hotel-mahogany.com\/nl\/#website"},"datePublished":"2019-09-27T10:33:30+00:00","dateModified":"2020-03-23T12:30:38+00:00","description":"L'h\u00f4tel est id\u00e9alement situ\u00e9 en Grande-Terre, au c\u0153ur d'un jardin tropical et en bord de plage.D\u00e9couvrez et profitez de l'ambiance Cr\u00e9ole, gr\u00e2ce aux animations de l'h\u00f4tel et \u00e0 tous les services qui vous sont propos\u00e9s afin de faire de votre s\u00e9jour un moment d'exception sur mesure.","breadcrumb":{"@id":"https:\/\/www.hotel-mahogany.com\/nl\/#breadcrumb"},"inLanguage":"nl-NL","potentialAction":[{"@type":"ReadAction","target":["https:\/\/www.hotel-mahogany.com\/nl\/"]}]},{"@type":"BreadcrumbList","@id":"https:\/\/www.hotel-mahogany.com\/nl\/#breadcrumb","itemListElement":[{"@type":"ListItem","position":1,"name":"Accueil","item":"https:\/\/www.hotel-mahogany.com\/nl\/"},{"@type":"ListItem","position":2,"name":"Mahogany Hotel Residence &amp; Spa"}]},{"@type":"WebSite","@id":"https:\/\/www.hotel-mahogany.com\/nl\/#website","url":"https:\/\/www.hotel-mahogany.com\/nl\/","name":"Mahogany H\u00f4tel R\u00e9sidence &amp; Spa","description":"Un site utilisant ms.decms.eu","potentialAction":[{"@type":"SearchAction","target":{"@type":"EntryPoint","urlTemplate":"https:\/\/www.hotel-mahogany.com\/nl\/?s={search_term_string}"},"query-input":{"@type":"PropertyValueSpecification","valueRequired":true,"valueName":"search_term_string"}}],"inLanguage":"nl-NL"}]}},"acf":[],"_links":{"self":[{"href":"https:\/\/www.hotel-mahogany.com\/nl\/wp-json\/wp\/v2\/pages\/736","targetHints":{"allow":["GET"]}}],"collection":[{"href":"https:\/\/www.hotel-mahogany.com\/nl\/wp-json\/wp\/v2\/pages"}],"about":[{"href":"https:\/\/www.hotel-mahogany.com\/nl\/wp-json\/wp\/v2\/types\/page"}],"author":[{"embeddable":true,"href":"https:\/\/www.hotel-mahogany.com\/nl\/wp-json\/wp\/v2\/users\/5"}],"replies":[{"embeddable":true,"href":"https:\/\/www.hotel-mahogany.com\/nl\/wp-json\/wp\/v2\/comments?post=736"}],"version-history":[{"count":0,"href":"https:\/\/www.hotel-mahogany.com\/nl\/wp-json\/wp\/v2\/pages\/736\/revisions"}],"wp:attachment":[{"href":"https:\/\/www.hotel-mahogany.com\/nl\/wp-json\/wp\/v2\/media?parent=736"}],"curies":[{"name":"wp","href":"https:\/\/api.w.org\/{rel}","templated":true}]}}