{"id":737,"date":"2019-10-07T12:41:55","date_gmt":"2019-10-07T10:41:55","guid":{"rendered":"https:\/\/www.hotel-mahogany.com\/mahogany_hotel-residence-spa\/"},"modified":"2025-06-12T15:52:46","modified_gmt":"2025-06-12T13:52:46","slug":"mahogany_hotel-residence-spa","status":"publish","type":"page","link":"https:\/\/www.hotel-mahogany.com\/nl\/mahogany_hotel-residence-spa\/","title":{"rendered":"Mahogany Hotel Residence &amp; Spa"},"content":{"rendered":"<p>Maak gebruik van de ideale ligging van Mahogany Hotel Residence &amp; Spa om de eilandjes van Guadeloupe te ontdekken. Van de bountystranden op Grande-Terre tot de weelderige natuur op Basse-Terre, maar ook La D\u00e9sirade, Les Saintes en Marie-Galante: er valt eindeloos veel te ontdekken.<\/p>\n<p>Het hotel ligt op de Pointe de la Verdure, op 1 km van Le Gosier, op 7 km van het centrum van Pointe-\u00e0-Pitre en 12 km van de internationale luchthaven P\u00f4le Cara\u00efbes.<\/p>\n","protected":false},"excerpt":{"rendered":"<p>Maak gebruik van de ideale ligging van Mahogany Hotel Residence &amp; Spa om de eilandjes van Guadeloupe te ontdekken. Van de bountystranden op Grande-Terre tot de weelderige natuur op Basse-Terre, maar ook La D\u00e9sirade, Les Saintes en Marie-Galante: er valt eindeloos veel te ontdekken. Het hotel ligt op de Pointe de la Verdure, op 1 [&hellip;]<\/p>\n","protected":false},"author":14,"featured_media":0,"parent":0,"menu_order":0,"comment_status":"closed","ping_status":"closed","template":"template-hotel.php","meta":{"footnotes":""},"class_list":["post-737","page","type-page","status-publish","hentry"],"yoast_head":"<!-- This site is optimized with the Yoast SEO plugin v26.9 - https:\/\/yoast.com\/product\/yoast-seo-wordpress\/ -->\n<title>Mahogany Hotel Residence &amp; Spa - Mahogany H\u00f4tel R\u00e9sidence &amp; Spa<\/title>\n<meta name=\"robots\" content=\"index, follow, max-snippet:-1, max-image-preview:large, max-video-preview:-1\" \/>\n<link rel=\"canonical\" href=\"https:\/\/www.hotel-mahogany.com\/nl\/mahogany_hotel-residence-spa\/\" \/>\n<meta property=\"og:locale\" content=\"nl_NL\" \/>\n<meta property=\"og:type\" content=\"article\" \/>\n<meta property=\"og:title\" content=\"Mahogany Hotel Residence &amp; Spa - Mahogany H\u00f4tel R\u00e9sidence &amp; Spa\" \/>\n<meta property=\"og:description\" content=\"Maak gebruik van de ideale ligging van Mahogany Hotel Residence &amp; Spa om de eilandjes van Guadeloupe te ontdekken. Van de bountystranden op Grande-Terre tot de weelderige natuur op Basse-Terre, maar ook La D\u00e9sirade, Les Saintes en Marie-Galante: er valt eindeloos veel te ontdekken. Het hotel ligt op de Pointe de la Verdure, op 1 [&hellip;]\" \/>\n<meta property=\"og:url\" content=\"https:\/\/www.hotel-mahogany.com\/nl\/mahogany_hotel-residence-spa\/\" \/>\n<meta property=\"og:site_name\" content=\"Mahogany H\u00f4tel R\u00e9sidence &amp; Spa\" \/>\n<meta property=\"article:modified_time\" content=\"2025-06-12T13:52:46+00:00\" \/>\n<meta name=\"twitter:card\" content=\"summary_large_image\" \/>\n<meta name=\"twitter:label1\" content=\"Geschatte leestijd\" \/>\n\t<meta name=\"twitter:data1\" content=\"1 minuut\" \/>\n<script type=\"application\/ld+json\" class=\"yoast-schema-graph\">{\"@context\":\"https:\/\/schema.org\",\"@graph\":[{\"@type\":\"WebPage\",\"@id\":\"https:\/\/www.hotel-mahogany.com\/nl\/mahogany_hotel-residence-spa\/\",\"url\":\"https:\/\/www.hotel-mahogany.com\/nl\/mahogany_hotel-residence-spa\/\",\"name\":\"Mahogany Hotel Residence &amp; Spa - Mahogany H\u00f4tel R\u00e9sidence &amp; Spa\",\"isPartOf\":{\"@id\":\"https:\/\/www.hotel-mahogany.com\/nl\/#website\"},\"datePublished\":\"2019-10-07T10:41:55+00:00\",\"dateModified\":\"2025-06-12T13:52:46+00:00\",\"breadcrumb\":{\"@id\":\"https:\/\/www.hotel-mahogany.com\/nl\/mahogany_hotel-residence-spa\/#breadcrumb\"},\"inLanguage\":\"nl-NL\",\"potentialAction\":[{\"@type\":\"ReadAction\",\"target\":[\"https:\/\/www.hotel-mahogany.com\/nl\/mahogany_hotel-residence-spa\/\"]}]},{\"@type\":\"BreadcrumbList\",\"@id\":\"https:\/\/www.hotel-mahogany.com\/nl\/mahogany_hotel-residence-spa\/#breadcrumb\",\"itemListElement\":[{\"@type\":\"ListItem\",\"position\":1,\"name\":\"Accueil\",\"item\":\"https:\/\/www.hotel-mahogany.com\/nl\/\"},{\"@type\":\"ListItem\",\"position\":2,\"name\":\"Mahogany Hotel Residence &amp; Spa\"}]},{\"@type\":\"WebSite\",\"@id\":\"https:\/\/www.hotel-mahogany.com\/nl\/#website\",\"url\":\"https:\/\/www.hotel-mahogany.com\/nl\/\",\"name\":\"Mahogany H\u00f4tel R\u00e9sidence &amp; Spa\",\"description\":\"Un site utilisant ms.decms.eu\",\"potentialAction\":[{\"@type\":\"SearchAction\",\"target\":{\"@type\":\"EntryPoint\",\"urlTemplate\":\"https:\/\/www.hotel-mahogany.com\/nl\/?s={search_term_string}\"},\"query-input\":{\"@type\":\"PropertyValueSpecification\",\"valueRequired\":true,\"valueName\":\"search_term_string\"}}],\"inLanguage\":\"nl-NL\"}]}<\/script>\n<!-- \/ Yoast SEO plugin. -->","yoast_head_json":{"title":"Mahogany Hotel Residence &amp; Spa - Mahogany H\u00f4tel R\u00e9sidence &amp; Spa","robots":{"index":"index","follow":"follow","max-snippet":"max-snippet:-1","max-image-preview":"max-image-preview:large","max-video-preview":"max-video-preview:-1"},"canonical":"https:\/\/www.hotel-mahogany.com\/nl\/mahogany_hotel-residence-spa\/","og_locale":"nl_NL","og_type":"article","og_title":"Mahogany Hotel Residence &amp; Spa - Mahogany H\u00f4tel R\u00e9sidence &amp; Spa","og_description":"Maak gebruik van de ideale ligging van Mahogany Hotel Residence &amp; Spa om de eilandjes van Guadeloupe te ontdekken. Van de bountystranden op Grande-Terre tot de weelderige natuur op Basse-Terre, maar ook La D\u00e9sirade, Les Saintes en Marie-Galante: er valt eindeloos veel te ontdekken. Het hotel ligt op de Pointe de la Verdure, op 1 [&hellip;]","og_url":"https:\/\/www.hotel-mahogany.com\/nl\/mahogany_hotel-residence-spa\/","og_site_name":"Mahogany H\u00f4tel R\u00e9sidence &amp; Spa","article_modified_time":"2025-06-12T13:52:46+00:00","twitter_card":"summary_large_image","twitter_misc":{"Geschatte leestijd":"1 minuut"},"schema":{"@context":"https:\/\/schema.org","@graph":[{"@type":"WebPage","@id":"https:\/\/www.hotel-mahogany.com\/nl\/mahogany_hotel-residence-spa\/","url":"https:\/\/www.hotel-mahogany.com\/nl\/mahogany_hotel-residence-spa\/","name":"Mahogany Hotel Residence &amp; Spa - Mahogany H\u00f4tel R\u00e9sidence &amp; Spa","isPartOf":{"@id":"https:\/\/www.hotel-mahogany.com\/nl\/#website"},"datePublished":"2019-10-07T10:41:55+00:00","dateModified":"2025-06-12T13:52:46+00:00","breadcrumb":{"@id":"https:\/\/www.hotel-mahogany.com\/nl\/mahogany_hotel-residence-spa\/#breadcrumb"},"inLanguage":"nl-NL","potentialAction":[{"@type":"ReadAction","target":["https:\/\/www.hotel-mahogany.com\/nl\/mahogany_hotel-residence-spa\/"]}]},{"@type":"BreadcrumbList","@id":"https:\/\/www.hotel-mahogany.com\/nl\/mahogany_hotel-residence-spa\/#breadcrumb","itemListElement":[{"@type":"ListItem","position":1,"name":"Accueil","item":"https:\/\/www.hotel-mahogany.com\/nl\/"},{"@type":"ListItem","position":2,"name":"Mahogany Hotel Residence &amp; Spa"}]},{"@type":"WebSite","@id":"https:\/\/www.hotel-mahogany.com\/nl\/#website","url":"https:\/\/www.hotel-mahogany.com\/nl\/","name":"Mahogany H\u00f4tel R\u00e9sidence &amp; Spa","description":"Un site utilisant ms.decms.eu","potentialAction":[{"@type":"SearchAction","target":{"@type":"EntryPoint","urlTemplate":"https:\/\/www.hotel-mahogany.com\/nl\/?s={search_term_string}"},"query-input":{"@type":"PropertyValueSpecification","valueRequired":true,"valueName":"search_term_string"}}],"inLanguage":"nl-NL"}]}},"acf":[],"_links":{"self":[{"href":"https:\/\/www.hotel-mahogany.com\/nl\/wp-json\/wp\/v2\/pages\/737","targetHints":{"allow":["GET"]}}],"collection":[{"href":"https:\/\/www.hotel-mahogany.com\/nl\/wp-json\/wp\/v2\/pages"}],"about":[{"href":"https:\/\/www.hotel-mahogany.com\/nl\/wp-json\/wp\/v2\/types\/page"}],"author":[{"embeddable":true,"href":"https:\/\/www.hotel-mahogany.com\/nl\/wp-json\/wp\/v2\/users\/14"}],"replies":[{"embeddable":true,"href":"https:\/\/www.hotel-mahogany.com\/nl\/wp-json\/wp\/v2\/comments?post=737"}],"version-history":[{"count":0,"href":"https:\/\/www.hotel-mahogany.com\/nl\/wp-json\/wp\/v2\/pages\/737\/revisions"}],"wp:attachment":[{"href":"https:\/\/www.hotel-mahogany.com\/nl\/wp-json\/wp\/v2\/media?parent=737"}],"curies":[{"name":"wp","href":"https:\/\/api.w.org\/{rel}","templated":true}]}}